{"id":1204,"date":"2019-08-15T08:58:17","date_gmt":"2019-08-15T07:58:17","guid":{"rendered":"http:\/\/flu-or.com\/web\/?page_id=1204"},"modified":"2019-08-15T10:02:11","modified_gmt":"2019-08-15T09:02:11","slug":"delta004","status":"publish","type":"page","link":"http:\/\/flu-or.com\/web\/delta004\/","title":{"rendered":"DELTA004"},"content":{"rendered":"<p class=\"jetpack-slideshow-noscript robots-nocontent\">El pase de diapositivas requiere JavaScript.<\/p><div id=\"gallery-1204-1-slideshow\" class=\"jetpack-slideshow-window jetpack-slideshow jetpack-slideshow-black\" data-trans=\"fade\" data-autostart=\"1\" data-gallery=\"[{&quot;src&quot;:&quot;https:\\\/\\\/i0.wp.com\\\/flu-or.com\\\/web\\\/wp-content\\\/uploads\\\/2019\\\/08\\\/delta004_01.jpg?fit=1920%2C1280&quot;,&quot;id&quot;:&quot;1235&quot;,&quot;title&quot;:&quot;delta004_01&quot;,&quot;alt&quot;:&quot;&quot;,&quot;caption&quot;:&quot;&quot;,&quot;itemprop&quot;:&quot;image&quot;},{&quot;src&quot;:&quot;https:\\\/\\\/i0.wp.com\\\/flu-or.com\\\/web\\\/wp-content\\\/uploads\\\/2019\\\/08\\\/delta004_06.jpg?fit=1920%2C1280&quot;,&quot;id&quot;:&quot;1230&quot;,&quot;title&quot;:&quot;delta004_06&quot;,&quot;alt&quot;:&quot;&quot;,&quot;caption&quot;:&quot;&quot;,&quot;itemprop&quot;:&quot;image&quot;},{&quot;src&quot;:&quot;https:\\\/\\\/i0.wp.com\\\/flu-or.com\\\/web\\\/wp-content\\\/uploads\\\/2019\\\/08\\\/delta004_05.jpg?fit=1920%2C1280&quot;,&quot;id&quot;:&quot;1231&quot;,&quot;title&quot;:&quot;delta004_05&quot;,&quot;alt&quot;:&quot;&quot;,&quot;caption&quot;:&quot;&quot;,&quot;itemprop&quot;:&quot;image&quot;},{&quot;src&quot;:&quot;https:\\\/\\\/i0.wp.com\\\/flu-or.com\\\/web\\\/wp-content\\\/uploads\\\/2019\\\/08\\\/delta004_02.jpg?fit=1920%2C1280&quot;,&quot;id&quot;:&quot;1234&quot;,&quot;title&quot;:&quot;delta004_02&quot;,&quot;alt&quot;:&quot;&quot;,&quot;caption&quot;:&quot;&quot;,&quot;itemprop&quot;:&quot;image&quot;},{&quot;src&quot;:&quot;https:\\\/\\\/i0.wp.com\\\/flu-or.com\\\/web\\\/wp-content\\\/uploads\\\/2019\\\/08\\\/delta004_03.jpg?fit=1920%2C1280&quot;,&quot;id&quot;:&quot;1233&quot;,&quot;title&quot;:&quot;delta004_03&quot;,&quot;alt&quot;:&quot;&quot;,&quot;caption&quot;:&quot;&quot;,&quot;itemprop&quot;:&quot;image&quot;},{&quot;src&quot;:&quot;https:\\\/\\\/i0.wp.com\\\/flu-or.com\\\/web\\\/wp-content\\\/uploads\\\/2019\\\/08\\\/delta004_04.jpg?fit=1920%2C1280&quot;,&quot;id&quot;:&quot;1232&quot;,&quot;title&quot;:&quot;delta004_04&quot;,&quot;alt&quot;:&quot;&quot;,&quot;caption&quot;:&quot;&quot;,&quot;itemprop&quot;:&quot;image&quot;}]\" itemscope itemtype=\"https:\/\/schema.org\/ImageGallery\"><\/div>\n","protected":false},"excerpt":{"rendered":"<p>Propuesta premiada con el tercer acc\u00e9sit en el concurso de ideas, con intervenci\u00f3n de jurado, a nivel de anteproyecto, para la reforma interior y la reorganizaci\u00f3n de la ocupaci\u00f3n del Complejo Administrativo de San Caetano en Santiago de Compostela. <\/p>\n<p>La premisa del proyecto es la de recuperar el espacio central como espacio abierto, que por un lado resuelve los problemas de seguridad en caso de incendio y recorridos de evacuaci\u00f3n, y por otro ser\u00e1 el punto de referencia de las comunicaciones, accesible desde cualquiera de los edificios. Para poder llegar a este espacio central se modificar\u00e1n parcialmente las comunicaciones del espacio central del edificio frontal, aprovechando la primera fase impuesta por las bases del concurso. El hecho de potenciar la conexi\u00f3n directa unidireccional entre la entrada institucional y la entrada general sin cambios de sentido en las escaleras hace que el complejo pase a entenderse de una manera m\u00e1s clara, se genera un eje compuesto por los distintos elementos que clarifican y articulan la nueva distribuci\u00f3n del complejo.<\/p>\n<p>Proyecto: Flu-or y Partidarios da Cidade<\/p>\n<p><img decoding=\"async\" data-src=\"http:\/\/flu-or.com\/web\/wp-content\/uploads\/2019\/08\/PANEL-2-ESQUEMA_CIRCULACIONS.png\" alt=\"\" width=\"400\" height=\"309\" src=\"data:image\/svg+xml;base64,PHN2ZyB3aWR0aD0iMSIgaGVpZ2h0PSIxIiB4bWxucz0iaHR0cDovL3d3dy53My5vcmcvMjAwMC9zdmciPjwvc3ZnPg==\" class=\"lazyload\" style=\"--smush-placeholder-width: 400px; --smush-placeholder-aspect-ratio: 400\/309;\" \/><\/p>\n","protected":false},"author":1,"featured_media":1230,"parent":0,"menu_order":0,"comment_status":"closed","ping_status":"closed","template":"","meta":{"footnotes":""},"class_list":["post-1204","page","type-page","status-publish","has-post-thumbnail","hentry"],"yoast_head":"<!-- This site is optimized with the Yoast SEO plugin v27.5 - https:\/\/yoast.com\/product\/yoast-seo-wordpress\/ -->\n<title>DELTA004 - FLU-OR Arquitectura<\/title>\n<meta name=\"robots\" content=\"index, follow, max-snippet:-1, max-image-preview:large, max-video-preview:-1\" \/>\n<link rel=\"canonical\" href=\"http:\/\/flu-or.com\/web\/delta004\/\" \/>\n<meta property=\"og:locale\" content=\"es_ES\" \/>\n<meta property=\"og:type\" content=\"article\" \/>\n<meta property=\"og:title\" content=\"DELTA004 - FLU-OR Arquitectura\" \/>\n<meta property=\"og:description\" content=\"Propuesta premiada con el tercer acc\u00e9sit en el concurso de ideas, con intervenci\u00f3n de jurado, a nivel de anteproyecto, para la reforma interior y la reorganizaci\u00f3n de la ocupaci\u00f3n del Complejo Administrativo de San Caetano en Santiago de Compostela.   La premisa del proyecto es la de recuperar el espacio central como espacio abierto, que por un lado resuelve los problemas de seguridad en caso de incendio y recorridos de evacuaci\u00f3n, y por otro ser\u00e1 el punto de referencia de las comunicaciones, accesible desde cualquiera de los edificios. Para poder llegar a este espacio central se modificar\u00e1n parcialmente las comunicaciones del espacio central del edificio frontal, aprovechando la primera fase impuesta por las bases del concurso. El hecho de potenciar la conexi\u00f3n directa unidireccional entre la entrada institucional y la entrada general sin cambios de sentido en las escaleras hace que el complejo pase a entenderse de una manera m\u00e1s clara, se genera un eje compuesto por los distintos elementos que clarifican y articulan la nueva distribuci\u00f3n del complejo.  Proyecto: Flu-or y Partidarios da Cidade\" \/>\n<meta property=\"og:url\" content=\"http:\/\/flu-or.com\/web\/delta004\/\" \/>\n<meta property=\"og:site_name\" content=\"FLU-OR Arquitectura\" \/>\n<meta property=\"article:publisher\" content=\"https:\/\/www.facebook.com\/xeracionfluor\/\" \/>\n<meta property=\"article:modified_time\" content=\"2019-08-15T09:02:11+00:00\" \/>\n<meta property=\"og:image\" content=\"https:\/\/i0.wp.com\/flu-or.com\/web\/wp-content\/uploads\/2019\/08\/delta004_06.jpg?fit=1920%2C1280\" \/>\n\t<meta property=\"og:image:width\" content=\"1920\" \/>\n\t<meta property=\"og:image:height\" content=\"1280\" \/>\n\t<meta property=\"og:image:type\" content=\"image\/jpeg\" \/>\n<meta name=\"twitter:card\" content=\"summary_large_image\" \/>\n<meta name=\"twitter:site\" content=\"@flu_or\" \/>\n<script type=\"application\/ld+json\" class=\"yoast-schema-graph\">{\"@context\":\"https:\\\/\\\/schema.org\",\"@graph\":[{\"@type\":\"WebPage\",\"@id\":\"http:\\\/\\\/flu-or.com\\\/web\\\/delta004\\\/\",\"url\":\"http:\\\/\\\/flu-or.com\\\/web\\\/delta004\\\/\",\"name\":\"DELTA004 - FLU-OR Arquitectura\",\"isPartOf\":{\"@id\":\"https:\\\/\\\/flu-or.com\\\/web\\\/#website\"},\"primaryImageOfPage\":{\"@id\":\"http:\\\/\\\/flu-or.com\\\/web\\\/delta004\\\/#primaryimage\"},\"image\":{\"@id\":\"http:\\\/\\\/flu-or.com\\\/web\\\/delta004\\\/#primaryimage\"},\"thumbnailUrl\":\"https:\\\/\\\/i0.wp.com\\\/flu-or.com\\\/web\\\/wp-content\\\/uploads\\\/2019\\\/08\\\/delta004_06.jpg?fit=1920%2C1280\",\"datePublished\":\"2019-08-15T07:58:17+00:00\",\"dateModified\":\"2019-08-15T09:02:11+00:00\",\"breadcrumb\":{\"@id\":\"http:\\\/\\\/flu-or.com\\\/web\\\/delta004\\\/#breadcrumb\"},\"inLanguage\":\"es\",\"potentialAction\":[{\"@type\":\"ReadAction\",\"target\":[\"http:\\\/\\\/flu-or.com\\\/web\\\/delta004\\\/\"]}]},{\"@type\":\"ImageObject\",\"inLanguage\":\"es\",\"@id\":\"http:\\\/\\\/flu-or.com\\\/web\\\/delta004\\\/#primaryimage\",\"url\":\"https:\\\/\\\/i0.wp.com\\\/flu-or.com\\\/web\\\/wp-content\\\/uploads\\\/2019\\\/08\\\/delta004_06.jpg?fit=1920%2C1280\",\"contentUrl\":\"https:\\\/\\\/i0.wp.com\\\/flu-or.com\\\/web\\\/wp-content\\\/uploads\\\/2019\\\/08\\\/delta004_06.jpg?fit=1920%2C1280\",\"width\":1920,\"height\":1280},{\"@type\":\"BreadcrumbList\",\"@id\":\"http:\\\/\\\/flu-or.com\\\/web\\\/delta004\\\/#breadcrumb\",\"itemListElement\":[{\"@type\":\"ListItem\",\"position\":1,\"name\":\"Portada\",\"item\":\"https:\\\/\\\/flu-or.com\\\/web\\\/\"},{\"@type\":\"ListItem\",\"position\":2,\"name\":\"DELTA004\"}]},{\"@type\":\"WebSite\",\"@id\":\"https:\\\/\\\/flu-or.com\\\/web\\\/#website\",\"url\":\"https:\\\/\\\/flu-or.com\\\/web\\\/\",\"name\":\"FLU-OR Arquitectura\",\"description\":\"\",\"publisher\":{\"@id\":\"https:\\\/\\\/flu-or.com\\\/web\\\/#organization\"},\"potentialAction\":[{\"@type\":\"SearchAction\",\"target\":{\"@type\":\"EntryPoint\",\"urlTemplate\":\"https:\\\/\\\/flu-or.com\\\/web\\\/?s={search_term_string}\"},\"query-input\":{\"@type\":\"PropertyValueSpecification\",\"valueRequired\":true,\"valueName\":\"search_term_string\"}}],\"inLanguage\":\"es\"},{\"@type\":\"Organization\",\"@id\":\"https:\\\/\\\/flu-or.com\\\/web\\\/#organization\",\"name\":\"FLU-OR\",\"url\":\"https:\\\/\\\/flu-or.com\\\/web\\\/\",\"logo\":{\"@type\":\"ImageObject\",\"inLanguage\":\"es\",\"@id\":\"https:\\\/\\\/flu-or.com\\\/web\\\/#\\\/schema\\\/logo\\\/image\\\/\",\"url\":\"https:\\\/\\\/i1.wp.com\\\/flu-or.com\\\/web\\\/wp-content\\\/uploads\\\/2017\\\/03\\\/525743_423043221147125_1050716653_n.jpg?fit=960%2C960&ssl=1\",\"contentUrl\":\"https:\\\/\\\/i1.wp.com\\\/flu-or.com\\\/web\\\/wp-content\\\/uploads\\\/2017\\\/03\\\/525743_423043221147125_1050716653_n.jpg?fit=960%2C960&ssl=1\",\"width\":960,\"height\":960,\"caption\":\"FLU-OR\"},\"image\":{\"@id\":\"https:\\\/\\\/flu-or.com\\\/web\\\/#\\\/schema\\\/logo\\\/image\\\/\"},\"sameAs\":[\"https:\\\/\\\/www.facebook.com\\\/xeracionfluor\\\/\",\"https:\\\/\\\/x.com\\\/flu_or\",\"https:\\\/\\\/www.instagram.com\\\/flu__or\\\/\",\"https:\\\/\\\/www.linkedin.com\\\/company-beta\\\/3530617\\\/\"]}]}<\/script>\n<!-- \/ Yoast SEO plugin. -->","yoast_head_json":{"title":"DELTA004 - FLU-OR Arquitectura","robots":{"index":"index","follow":"follow","max-snippet":"max-snippet:-1","max-image-preview":"max-image-preview:large","max-video-preview":"max-video-preview:-1"},"canonical":"http:\/\/flu-or.com\/web\/delta004\/","og_locale":"es_ES","og_type":"article","og_title":"DELTA004 - FLU-OR Arquitectura","og_description":"Propuesta premiada con el tercer acc\u00e9sit en el concurso de ideas, con intervenci\u00f3n de jurado, a nivel de anteproyecto, para la reforma interior y la reorganizaci\u00f3n de la ocupaci\u00f3n del Complejo Administrativo de San Caetano en Santiago de Compostela.   La premisa del proyecto es la de recuperar el espacio central como espacio abierto, que por un lado resuelve los problemas de seguridad en caso de incendio y recorridos de evacuaci\u00f3n, y por otro ser\u00e1 el punto de referencia de las comunicaciones, accesible desde cualquiera de los edificios. Para poder llegar a este espacio central se modificar\u00e1n parcialmente las comunicaciones del espacio central del edificio frontal, aprovechando la primera fase impuesta por las bases del concurso. El hecho de potenciar la conexi\u00f3n directa unidireccional entre la entrada institucional y la entrada general sin cambios de sentido en las escaleras hace que el complejo pase a entenderse de una manera m\u00e1s clara, se genera un eje compuesto por los distintos elementos que clarifican y articulan la nueva distribuci\u00f3n del complejo.  Proyecto: Flu-or y Partidarios da Cidade","og_url":"http:\/\/flu-or.com\/web\/delta004\/","og_site_name":"FLU-OR Arquitectura","article_publisher":"https:\/\/www.facebook.com\/xeracionfluor\/","article_modified_time":"2019-08-15T09:02:11+00:00","og_image":[{"width":1920,"height":1280,"url":"https:\/\/i0.wp.com\/flu-or.com\/web\/wp-content\/uploads\/2019\/08\/delta004_06.jpg?fit=1920%2C1280","type":"image\/jpeg"}],"twitter_card":"summary_large_image","twitter_site":"@flu_or","schema":{"@context":"https:\/\/schema.org","@graph":[{"@type":"WebPage","@id":"http:\/\/flu-or.com\/web\/delta004\/","url":"http:\/\/flu-or.com\/web\/delta004\/","name":"DELTA004 - FLU-OR Arquitectura","isPartOf":{"@id":"https:\/\/flu-or.com\/web\/#website"},"primaryImageOfPage":{"@id":"http:\/\/flu-or.com\/web\/delta004\/#primaryimage"},"image":{"@id":"http:\/\/flu-or.com\/web\/delta004\/#primaryimage"},"thumbnailUrl":"https:\/\/i0.wp.com\/flu-or.com\/web\/wp-content\/uploads\/2019\/08\/delta004_06.jpg?fit=1920%2C1280","datePublished":"2019-08-15T07:58:17+00:00","dateModified":"2019-08-15T09:02:11+00:00","breadcrumb":{"@id":"http:\/\/flu-or.com\/web\/delta004\/#breadcrumb"},"inLanguage":"es","potentialAction":[{"@type":"ReadAction","target":["http:\/\/flu-or.com\/web\/delta004\/"]}]},{"@type":"ImageObject","inLanguage":"es","@id":"http:\/\/flu-or.com\/web\/delta004\/#primaryimage","url":"https:\/\/i0.wp.com\/flu-or.com\/web\/wp-content\/uploads\/2019\/08\/delta004_06.jpg?fit=1920%2C1280","contentUrl":"https:\/\/i0.wp.com\/flu-or.com\/web\/wp-content\/uploads\/2019\/08\/delta004_06.jpg?fit=1920%2C1280","width":1920,"height":1280},{"@type":"BreadcrumbList","@id":"http:\/\/flu-or.com\/web\/delta004\/#breadcrumb","itemListElement":[{"@type":"ListItem","position":1,"name":"Portada","item":"https:\/\/flu-or.com\/web\/"},{"@type":"ListItem","position":2,"name":"DELTA004"}]},{"@type":"WebSite","@id":"https:\/\/flu-or.com\/web\/#website","url":"https:\/\/flu-or.com\/web\/","name":"FLU-OR Arquitectura","description":"","publisher":{"@id":"https:\/\/flu-or.com\/web\/#organization"},"potentialAction":[{"@type":"SearchAction","target":{"@type":"EntryPoint","urlTemplate":"https:\/\/flu-or.com\/web\/?s={search_term_string}"},"query-input":{"@type":"PropertyValueSpecification","valueRequired":true,"valueName":"search_term_string"}}],"inLanguage":"es"},{"@type":"Organization","@id":"https:\/\/flu-or.com\/web\/#organization","name":"FLU-OR","url":"https:\/\/flu-or.com\/web\/","logo":{"@type":"ImageObject","inLanguage":"es","@id":"https:\/\/flu-or.com\/web\/#\/schema\/logo\/image\/","url":"https:\/\/i1.wp.com\/flu-or.com\/web\/wp-content\/uploads\/2017\/03\/525743_423043221147125_1050716653_n.jpg?fit=960%2C960&ssl=1","contentUrl":"https:\/\/i1.wp.com\/flu-or.com\/web\/wp-content\/uploads\/2017\/03\/525743_423043221147125_1050716653_n.jpg?fit=960%2C960&ssl=1","width":960,"height":960,"caption":"FLU-OR"},"image":{"@id":"https:\/\/flu-or.com\/web\/#\/schema\/logo\/image\/"},"sameAs":["https:\/\/www.facebook.com\/xeracionfluor\/","https:\/\/x.com\/flu_or","https:\/\/www.instagram.com\/flu__or\/","https:\/\/www.linkedin.com\/company-beta\/3530617\/"]}]}},"jetpack_sharing_enabled":true,"_links":{"self":[{"href":"http:\/\/flu-or.com\/web\/wp-json\/wp\/v2\/pages\/1204","targetHints":{"allow":["GET"]}}],"collection":[{"href":"http:\/\/flu-or.com\/web\/wp-json\/wp\/v2\/pages"}],"about":[{"href":"http:\/\/flu-or.com\/web\/wp-json\/wp\/v2\/types\/page"}],"author":[{"embeddable":true,"href":"http:\/\/flu-or.com\/web\/wp-json\/wp\/v2\/users\/1"}],"replies":[{"embeddable":true,"href":"http:\/\/flu-or.com\/web\/wp-json\/wp\/v2\/comments?post=1204"}],"version-history":[{"count":17,"href":"http:\/\/flu-or.com\/web\/wp-json\/wp\/v2\/pages\/1204\/revisions"}],"predecessor-version":[{"id":1241,"href":"http:\/\/flu-or.com\/web\/wp-json\/wp\/v2\/pages\/1204\/revisions\/1241"}],"wp:featuredmedia":[{"embeddable":true,"href":"http:\/\/flu-or.com\/web\/wp-json\/wp\/v2\/media\/1230"}],"wp:attachment":[{"href":"http:\/\/flu-or.com\/web\/wp-json\/wp\/v2\/media?parent=1204"}],"curies":[{"name":"wp","href":"https:\/\/api.w.org\/{rel}","templated":true}]}}