{"id":217,"date":"2015-01-16T11:57:42","date_gmt":"2015-01-16T11:57:42","guid":{"rendered":"http:\/\/flu-or.com\/web\/?page_id=217"},"modified":"2019-02-10T13:19:02","modified_gmt":"2019-02-10T12:19:02","slug":"puntos-de-distribucion","status":"publish","type":"page","link":"http:\/\/flu-or.com\/web\/puntos-de-distribucion\/","title":{"rendered":"PUNTOS DE DISTRIBUCION"},"content":{"rendered":"<p><strong>A Coru\u00f1a<\/strong><\/p>\n<p><em>Benita<\/em><\/p>\n<p>C\/ \u00c1ngel Rebollo 88<br \/>\n15002 A Coru\u00f1a | Espa\u00f1a<br \/>\n+34 881 99 30 83<br \/>\n<a href=\"mailto:mail@flu-or.com\" target=\"_blank\" rel=\"noopener noreferrer\">mail@flu-or.com<\/a><\/p>\n<p>&nbsp;<\/p>\n","protected":false},"excerpt":{"rendered":"<p>A Coru\u00f1a Benita C\/ \u00c1ngel Rebollo 88 15002 A Coru\u00f1a | Espa\u00f1a +34 881 99 30 83 mail@flu-or.com &nbsp;<\/p>\n","protected":false},"author":1,"featured_media":24,"parent":0,"menu_order":0,"comment_status":"closed","ping_status":"closed","template":"normal.php","meta":{"footnotes":""},"class_list":["post-217","page","type-page","status-publish","has-post-thumbnail","hentry"],"yoast_head":"<!-- This site is optimized with the Yoast SEO plugin v27.4 - https:\/\/yoast.com\/product\/yoast-seo-wordpress\/ -->\n<title>PUNTOS DE DISTRIBUCION - FLU-OR Arquitectura<\/title>\n<meta name=\"robots\" content=\"index, follow, max-snippet:-1, max-image-preview:large, max-video-preview:-1\" \/>\n<link rel=\"canonical\" href=\"http:\/\/flu-or.com\/web\/puntos-de-distribucion\/\" \/>\n<meta property=\"og:locale\" content=\"es_ES\" \/>\n<meta property=\"og:type\" content=\"article\" \/>\n<meta property=\"og:title\" content=\"PUNTOS DE DISTRIBUCION - FLU-OR Arquitectura\" \/>\n<meta property=\"og:description\" content=\"A Coru\u00f1a Benita C\/ \u00c1ngel Rebollo 88 15002 A Coru\u00f1a | Espa\u00f1a +34 881 99 30 83 mail@flu-or.com &nbsp;\" \/>\n<meta property=\"og:url\" content=\"http:\/\/flu-or.com\/web\/puntos-de-distribucion\/\" \/>\n<meta property=\"og:site_name\" content=\"FLU-OR Arquitectura\" \/>\n<meta property=\"article:publisher\" content=\"https:\/\/www.facebook.com\/xeracionfluor\/\" \/>\n<meta property=\"article:modified_time\" content=\"2019-02-10T12:19:02+00:00\" \/>\n<meta name=\"twitter:card\" content=\"summary_large_image\" \/>\n<meta name=\"twitter:site\" content=\"@flu_or\" \/>\n<script type=\"application\/ld+json\" class=\"yoast-schema-graph\">{\"@context\":\"https:\\\/\\\/schema.org\",\"@graph\":[{\"@type\":\"WebPage\",\"@id\":\"http:\\\/\\\/flu-or.com\\\/web\\\/puntos-de-distribucion\\\/\",\"url\":\"http:\\\/\\\/flu-or.com\\\/web\\\/puntos-de-distribucion\\\/\",\"name\":\"PUNTOS DE DISTRIBUCION - FLU-OR Arquitectura\",\"isPartOf\":{\"@id\":\"https:\\\/\\\/flu-or.com\\\/web\\\/#website\"},\"primaryImageOfPage\":{\"@id\":\"http:\\\/\\\/flu-or.com\\\/web\\\/puntos-de-distribucion\\\/#primaryimage\"},\"image\":{\"@id\":\"http:\\\/\\\/flu-or.com\\\/web\\\/puntos-de-distribucion\\\/#primaryimage\"},\"thumbnailUrl\":\"\",\"datePublished\":\"2015-01-16T11:57:42+00:00\",\"dateModified\":\"2019-02-10T12:19:02+00:00\",\"breadcrumb\":{\"@id\":\"http:\\\/\\\/flu-or.com\\\/web\\\/puntos-de-distribucion\\\/#breadcrumb\"},\"inLanguage\":\"es\",\"potentialAction\":[{\"@type\":\"ReadAction\",\"target\":[\"http:\\\/\\\/flu-or.com\\\/web\\\/puntos-de-distribucion\\\/\"]}]},{\"@type\":\"ImageObject\",\"inLanguage\":\"es\",\"@id\":\"http:\\\/\\\/flu-or.com\\\/web\\\/puntos-de-distribucion\\\/#primaryimage\",\"url\":\"\",\"contentUrl\":\"\"},{\"@type\":\"BreadcrumbList\",\"@id\":\"http:\\\/\\\/flu-or.com\\\/web\\\/puntos-de-distribucion\\\/#breadcrumb\",\"itemListElement\":[{\"@type\":\"ListItem\",\"position\":1,\"name\":\"Portada\",\"item\":\"https:\\\/\\\/flu-or.com\\\/web\\\/\"},{\"@type\":\"ListItem\",\"position\":2,\"name\":\"PUNTOS DE DISTRIBUCION\"}]},{\"@type\":\"WebSite\",\"@id\":\"https:\\\/\\\/flu-or.com\\\/web\\\/#website\",\"url\":\"https:\\\/\\\/flu-or.com\\\/web\\\/\",\"name\":\"FLU-OR Arquitectura\",\"description\":\"\",\"publisher\":{\"@id\":\"https:\\\/\\\/flu-or.com\\\/web\\\/#organization\"},\"potentialAction\":[{\"@type\":\"SearchAction\",\"target\":{\"@type\":\"EntryPoint\",\"urlTemplate\":\"https:\\\/\\\/flu-or.com\\\/web\\\/?s={search_term_string}\"},\"query-input\":{\"@type\":\"PropertyValueSpecification\",\"valueRequired\":true,\"valueName\":\"search_term_string\"}}],\"inLanguage\":\"es\"},{\"@type\":\"Organization\",\"@id\":\"https:\\\/\\\/flu-or.com\\\/web\\\/#organization\",\"name\":\"FLU-OR\",\"url\":\"https:\\\/\\\/flu-or.com\\\/web\\\/\",\"logo\":{\"@type\":\"ImageObject\",\"inLanguage\":\"es\",\"@id\":\"https:\\\/\\\/flu-or.com\\\/web\\\/#\\\/schema\\\/logo\\\/image\\\/\",\"url\":\"https:\\\/\\\/i1.wp.com\\\/flu-or.com\\\/web\\\/wp-content\\\/uploads\\\/2017\\\/03\\\/525743_423043221147125_1050716653_n.jpg?fit=960%2C960&ssl=1\",\"contentUrl\":\"https:\\\/\\\/i1.wp.com\\\/flu-or.com\\\/web\\\/wp-content\\\/uploads\\\/2017\\\/03\\\/525743_423043221147125_1050716653_n.jpg?fit=960%2C960&ssl=1\",\"width\":960,\"height\":960,\"caption\":\"FLU-OR\"},\"image\":{\"@id\":\"https:\\\/\\\/flu-or.com\\\/web\\\/#\\\/schema\\\/logo\\\/image\\\/\"},\"sameAs\":[\"https:\\\/\\\/www.facebook.com\\\/xeracionfluor\\\/\",\"https:\\\/\\\/x.com\\\/flu_or\",\"https:\\\/\\\/www.instagram.com\\\/flu__or\\\/\",\"https:\\\/\\\/www.linkedin.com\\\/company-beta\\\/3530617\\\/\"]}]}<\/script>\n<!-- \/ Yoast SEO plugin. -->","yoast_head_json":{"title":"PUNTOS DE DISTRIBUCION - FLU-OR Arquitectura","robots":{"index":"index","follow":"follow","max-snippet":"max-snippet:-1","max-image-preview":"max-image-preview:large","max-video-preview":"max-video-preview:-1"},"canonical":"http:\/\/flu-or.com\/web\/puntos-de-distribucion\/","og_locale":"es_ES","og_type":"article","og_title":"PUNTOS DE DISTRIBUCION - FLU-OR Arquitectura","og_description":"A Coru\u00f1a Benita C\/ \u00c1ngel Rebollo 88 15002 A Coru\u00f1a | Espa\u00f1a +34 881 99 30 83 mail@flu-or.com &nbsp;","og_url":"http:\/\/flu-or.com\/web\/puntos-de-distribucion\/","og_site_name":"FLU-OR Arquitectura","article_publisher":"https:\/\/www.facebook.com\/xeracionfluor\/","article_modified_time":"2019-02-10T12:19:02+00:00","twitter_card":"summary_large_image","twitter_site":"@flu_or","schema":{"@context":"https:\/\/schema.org","@graph":[{"@type":"WebPage","@id":"http:\/\/flu-or.com\/web\/puntos-de-distribucion\/","url":"http:\/\/flu-or.com\/web\/puntos-de-distribucion\/","name":"PUNTOS DE DISTRIBUCION - FLU-OR Arquitectura","isPartOf":{"@id":"https:\/\/flu-or.com\/web\/#website"},"primaryImageOfPage":{"@id":"http:\/\/flu-or.com\/web\/puntos-de-distribucion\/#primaryimage"},"image":{"@id":"http:\/\/flu-or.com\/web\/puntos-de-distribucion\/#primaryimage"},"thumbnailUrl":"","datePublished":"2015-01-16T11:57:42+00:00","dateModified":"2019-02-10T12:19:02+00:00","breadcrumb":{"@id":"http:\/\/flu-or.com\/web\/puntos-de-distribucion\/#breadcrumb"},"inLanguage":"es","potentialAction":[{"@type":"ReadAction","target":["http:\/\/flu-or.com\/web\/puntos-de-distribucion\/"]}]},{"@type":"ImageObject","inLanguage":"es","@id":"http:\/\/flu-or.com\/web\/puntos-de-distribucion\/#primaryimage","url":"","contentUrl":""},{"@type":"BreadcrumbList","@id":"http:\/\/flu-or.com\/web\/puntos-de-distribucion\/#breadcrumb","itemListElement":[{"@type":"ListItem","position":1,"name":"Portada","item":"https:\/\/flu-or.com\/web\/"},{"@type":"ListItem","position":2,"name":"PUNTOS DE DISTRIBUCION"}]},{"@type":"WebSite","@id":"https:\/\/flu-or.com\/web\/#website","url":"https:\/\/flu-or.com\/web\/","name":"FLU-OR Arquitectura","description":"","publisher":{"@id":"https:\/\/flu-or.com\/web\/#organization"},"potentialAction":[{"@type":"SearchAction","target":{"@type":"EntryPoint","urlTemplate":"https:\/\/flu-or.com\/web\/?s={search_term_string}"},"query-input":{"@type":"PropertyValueSpecification","valueRequired":true,"valueName":"search_term_string"}}],"inLanguage":"es"},{"@type":"Organization","@id":"https:\/\/flu-or.com\/web\/#organization","name":"FLU-OR","url":"https:\/\/flu-or.com\/web\/","logo":{"@type":"ImageObject","inLanguage":"es","@id":"https:\/\/flu-or.com\/web\/#\/schema\/logo\/image\/","url":"https:\/\/i1.wp.com\/flu-or.com\/web\/wp-content\/uploads\/2017\/03\/525743_423043221147125_1050716653_n.jpg?fit=960%2C960&ssl=1","contentUrl":"https:\/\/i1.wp.com\/flu-or.com\/web\/wp-content\/uploads\/2017\/03\/525743_423043221147125_1050716653_n.jpg?fit=960%2C960&ssl=1","width":960,"height":960,"caption":"FLU-OR"},"image":{"@id":"https:\/\/flu-or.com\/web\/#\/schema\/logo\/image\/"},"sameAs":["https:\/\/www.facebook.com\/xeracionfluor\/","https:\/\/x.com\/flu_or","https:\/\/www.instagram.com\/flu__or\/","https:\/\/www.linkedin.com\/company-beta\/3530617\/"]}]}},"jetpack_sharing_enabled":true,"_links":{"self":[{"href":"http:\/\/flu-or.com\/web\/wp-json\/wp\/v2\/pages\/217","targetHints":{"allow":["GET"]}}],"collection":[{"href":"http:\/\/flu-or.com\/web\/wp-json\/wp\/v2\/pages"}],"about":[{"href":"http:\/\/flu-or.com\/web\/wp-json\/wp\/v2\/types\/page"}],"author":[{"embeddable":true,"href":"http:\/\/flu-or.com\/web\/wp-json\/wp\/v2\/users\/1"}],"replies":[{"embeddable":true,"href":"http:\/\/flu-or.com\/web\/wp-json\/wp\/v2\/comments?post=217"}],"version-history":[{"count":1,"href":"http:\/\/flu-or.com\/web\/wp-json\/wp\/v2\/pages\/217\/revisions"}],"predecessor-version":[{"id":1118,"href":"http:\/\/flu-or.com\/web\/wp-json\/wp\/v2\/pages\/217\/revisions\/1118"}],"wp:featuredmedia":[{"embeddable":true,"href":"http:\/\/flu-or.com\/web\/wp-json\/"}],"wp:attachment":[{"href":"http:\/\/flu-or.com\/web\/wp-json\/wp\/v2\/media?parent=217"}],"curies":[{"name":"wp","href":"https:\/\/api.w.org\/{rel}","templated":true}]}}