{"id":29,"date":"2017-01-12T11:08:02","date_gmt":"2017-01-12T11:08:02","guid":{"rendered":"http:\/\/flu-or.com\/web\/?page_id=29"},"modified":"2017-02-27T12:01:08","modified_gmt":"2017-02-27T12:01:08","slug":"lampara-l","status":"publish","type":"page","link":"http:\/\/flu-or.com\/web\/lampara-l\/","title":{"rendered":"Lampara L"},"content":{"rendered":"<p class=\"jetpack-slideshow-noscript robots-nocontent\">El pase de diapositivas requiere JavaScript.<\/p><div id=\"gallery-29-1-slideshow\" class=\"jetpack-slideshow-window jetpack-slideshow jetpack-slideshow-black\" data-trans=\"fade\" data-autostart=\"1\" data-gallery=\"[{&quot;src&quot;:&quot;https:\\\/\\\/i0.wp.com\\\/flu-or.com\\\/web\\\/wp-content\\\/uploads\\\/2017\\\/01\\\/lamparaL-1.jpg?fit=1800%2C1219&quot;,&quot;id&quot;:&quot;685&quot;,&quot;title&quot;:&quot;lamparaL (1)&quot;,&quot;alt&quot;:&quot;&quot;,&quot;caption&quot;:&quot;&quot;,&quot;itemprop&quot;:&quot;image&quot;},{&quot;src&quot;:&quot;https:\\\/\\\/i0.wp.com\\\/flu-or.com\\\/web\\\/wp-content\\\/uploads\\\/2017\\\/01\\\/lamparaL-2.jpg?fit=1800%2C1219&quot;,&quot;id&quot;:&quot;686&quot;,&quot;title&quot;:&quot;lamparaL (2)&quot;,&quot;alt&quot;:&quot;&quot;,&quot;caption&quot;:&quot;&quot;,&quot;itemprop&quot;:&quot;image&quot;},{&quot;src&quot;:&quot;https:\\\/\\\/i0.wp.com\\\/flu-or.com\\\/web\\\/wp-content\\\/uploads\\\/2017\\\/01\\\/lamparaL-3.jpg?fit=1800%2C1219&quot;,&quot;id&quot;:&quot;687&quot;,&quot;title&quot;:&quot;lamparaL (3)&quot;,&quot;alt&quot;:&quot;&quot;,&quot;caption&quot;:&quot;&quot;,&quot;itemprop&quot;:&quot;image&quot;},{&quot;src&quot;:&quot;https:\\\/\\\/i0.wp.com\\\/flu-or.com\\\/web\\\/wp-content\\\/uploads\\\/2017\\\/01\\\/lamparaL-4.jpg?fit=1800%2C1219&quot;,&quot;id&quot;:&quot;688&quot;,&quot;title&quot;:&quot;lamparaL (4)&quot;,&quot;alt&quot;:&quot;&quot;,&quot;caption&quot;:&quot;&quot;,&quot;itemprop&quot;:&quot;image&quot;},{&quot;src&quot;:&quot;https:\\\/\\\/i0.wp.com\\\/flu-or.com\\\/web\\\/wp-content\\\/uploads\\\/2017\\\/01\\\/lamparaL-5.jpg?fit=1800%2C1219&quot;,&quot;id&quot;:&quot;689&quot;,&quot;title&quot;:&quot;lamparaL (5)&quot;,&quot;alt&quot;:&quot;&quot;,&quot;caption&quot;:&quot;&quot;,&quot;itemprop&quot;:&quot;image&quot;},{&quot;src&quot;:&quot;https:\\\/\\\/i0.wp.com\\\/flu-or.com\\\/web\\\/wp-content\\\/uploads\\\/2017\\\/01\\\/lamparaL-6.jpg?fit=1800%2C1219&quot;,&quot;id&quot;:&quot;690&quot;,&quot;title&quot;:&quot;lamparaL (6)&quot;,&quot;alt&quot;:&quot;&quot;,&quot;caption&quot;:&quot;&quot;,&quot;itemprop&quot;:&quot;image&quot;},{&quot;src&quot;:&quot;https:\\\/\\\/i0.wp.com\\\/flu-or.com\\\/web\\\/wp-content\\\/uploads\\\/2017\\\/01\\\/lamparaL-7.jpg?fit=1800%2C1219&quot;,&quot;id&quot;:&quot;691&quot;,&quot;title&quot;:&quot;lamparaL (7)&quot;,&quot;alt&quot;:&quot;&quot;,&quot;caption&quot;:&quot;&quot;,&quot;itemprop&quot;:&quot;image&quot;},{&quot;src&quot;:&quot;https:\\\/\\\/i0.wp.com\\\/flu-or.com\\\/web\\\/wp-content\\\/uploads\\\/2017\\\/01\\\/lamparaL-8.jpg?fit=1800%2C1036&quot;,&quot;id&quot;:&quot;692&quot;,&quot;title&quot;:&quot;lamparaL (8)&quot;,&quot;alt&quot;:&quot;&quot;,&quot;caption&quot;:&quot;&quot;,&quot;itemprop&quot;:&quot;image&quot;},{&quot;src&quot;:&quot;https:\\\/\\\/i0.wp.com\\\/flu-or.com\\\/web\\\/wp-content\\\/uploads\\\/2017\\\/01\\\/lamparaL-9.jpg?fit=1800%2C1036&quot;,&quot;id&quot;:&quot;693&quot;,&quot;title&quot;:&quot;lamparaL (9)&quot;,&quot;alt&quot;:&quot;&quot;,&quot;caption&quot;:&quot;&quot;,&quot;itemprop&quot;:&quot;image&quot;},{&quot;src&quot;:&quot;https:\\\/\\\/i0.wp.com\\\/flu-or.com\\\/web\\\/wp-content\\\/uploads\\\/2017\\\/01\\\/lamparaL-10.jpg?fit=1800%2C719&quot;,&quot;id&quot;:&quot;694&quot;,&quot;title&quot;:&quot;lamparaL (10)&quot;,&quot;alt&quot;:&quot;&quot;,&quot;caption&quot;:&quot;&quot;,&quot;itemprop&quot;:&quot;image&quot;}]\" itemscope itemtype=\"https:\/\/schema.org\/ImageGallery\"><\/div>\n","protected":false},"excerpt":{"rendered":"<p>Esta l\u00e1mpara es el resultado de un proceso de investigaci\u00f3n que parte del estudio de un espacio complejo y del uso que se hace de el.<\/p>\n<p>Siendo entrada a la vivienda y un n\u00facleo de comunicaciones, la pieza no s\u00f3lo tiene que iluminar la estancia, sino completarla y darle car\u00e1cter.<\/p>\n<p>El movimiento que se produce en este espacio hace que se busque un elemento que cambie con el tiempo, visible desde diferentes puntos de vista y que funcione tanto encendido como apagado.<\/p>\n<p>En la l\u00e1mpara L< se parte de un solo punto con varias fuentes de luz a distintos niveles, unos m\u00e1s altos que otros, adapt\u00e1ndose a cada una de las zonas de la estancia, creando un cielo que es diferente seg\u00fan el lugar desde el que se observa.\n\n<img decoding=\"async\" class=\"size-large wp-image-68 aligncenter lazyload\" data-src=\"http:\/\/flu-or.com\/web\/wp-content\/uploads\/2017\/01\/lampara-0-1024x518.png\" alt=\"\" width=\"640\" height=\"324\" src=\"data:image\/svg+xml;base64,PHN2ZyB3aWR0aD0iMSIgaGVpZ2h0PSIxIiB4bWxucz0iaHR0cDovL3d3dy53My5vcmcvMjAwMC9zdmciPjwvc3ZnPg==\" style=\"--smush-placeholder-width: 640px; --smush-placeholder-aspect-ratio: 640\/324;\" \/><\/p>\n<p>Fotograf\u00eda: Juan Valiente<\/p>\n","protected":false},"author":1,"featured_media":696,"parent":0,"menu_order":0,"comment_status":"closed","ping_status":"closed","template":"","meta":{"footnotes":""},"class_list":["post-29","page","type-page","status-publish","has-post-thumbnail","hentry"],"yoast_head":"<!-- This site is optimized with the Yoast SEO plugin v27.3 - https:\/\/yoast.com\/product\/yoast-seo-wordpress\/ -->\n<title>Lampara L - FLU-OR Arquitectura<\/title>\n<meta name=\"robots\" content=\"index, follow, max-snippet:-1, max-image-preview:large, max-video-preview:-1\" \/>\n<link rel=\"canonical\" href=\"http:\/\/flu-or.com\/web\/lampara-l\/\" \/>\n<meta property=\"og:locale\" content=\"es_ES\" \/>\n<meta property=\"og:type\" content=\"article\" \/>\n<meta property=\"og:title\" content=\"Lampara L - FLU-OR Arquitectura\" \/>\n<meta property=\"og:description\" content=\"Esta l\u00e1mpara es el resultado de un proceso de investigaci\u00f3n que parte del estudio de un espacio complejo y del uso que se hace de el.  Siendo entrada a la vivienda y un n\u00facleo de comunicaciones, la pieza no s\u00f3lo tiene que iluminar la estancia, sino completarla y darle car\u00e1cter.  El movimiento que se produce en este espacio hace que se busque un elemento que cambie con el tiempo, visible desde diferentes puntos de vista y que funcione tanto encendido como apagado.  En la l\u00e1mpara L&lt; se parte de un solo punto con varias fuentes de luz a distintos niveles, unos m\u00e1s altos que otros, adapt\u00e1ndose a cada una de las zonas de la estancia, creando un cielo que es diferente seg\u00fan el lugar desde el que se observa.    Fotograf\u00eda: Juan Valiente\" \/>\n<meta property=\"og:url\" content=\"http:\/\/flu-or.com\/web\/lampara-l\/\" \/>\n<meta property=\"og:site_name\" content=\"FLU-OR Arquitectura\" \/>\n<meta property=\"article:publisher\" content=\"https:\/\/www.facebook.com\/xeracionfluor\/\" \/>\n<meta property=\"article:modified_time\" content=\"2017-02-27T12:01:08+00:00\" \/>\n<meta property=\"og:image\" content=\"https:\/\/i0.wp.com\/flu-or.com\/web\/wp-content\/uploads\/2017\/01\/lamparaL-F.jpg?fit=1200%2C812\" \/>\n\t<meta property=\"og:image:width\" content=\"1200\" \/>\n\t<meta property=\"og:image:height\" content=\"812\" \/>\n\t<meta property=\"og:image:type\" content=\"image\/jpeg\" \/>\n<meta name=\"twitter:card\" content=\"summary_large_image\" \/>\n<meta name=\"twitter:site\" content=\"@flu_or\" \/>\n<script type=\"application\/ld+json\" class=\"yoast-schema-graph\">{\"@context\":\"https:\\\/\\\/schema.org\",\"@graph\":[{\"@type\":\"WebPage\",\"@id\":\"http:\\\/\\\/flu-or.com\\\/web\\\/lampara-l\\\/\",\"url\":\"http:\\\/\\\/flu-or.com\\\/web\\\/lampara-l\\\/\",\"name\":\"Lampara L - FLU-OR Arquitectura\",\"isPartOf\":{\"@id\":\"http:\\\/\\\/flu-or.com\\\/web\\\/#website\"},\"primaryImageOfPage\":{\"@id\":\"http:\\\/\\\/flu-or.com\\\/web\\\/lampara-l\\\/#primaryimage\"},\"image\":{\"@id\":\"http:\\\/\\\/flu-or.com\\\/web\\\/lampara-l\\\/#primaryimage\"},\"thumbnailUrl\":\"https:\\\/\\\/i0.wp.com\\\/flu-or.com\\\/web\\\/wp-content\\\/uploads\\\/2017\\\/01\\\/lamparaL-F.jpg?fit=1200%2C812\",\"datePublished\":\"2017-01-12T11:08:02+00:00\",\"dateModified\":\"2017-02-27T12:01:08+00:00\",\"breadcrumb\":{\"@id\":\"http:\\\/\\\/flu-or.com\\\/web\\\/lampara-l\\\/#breadcrumb\"},\"inLanguage\":\"es\",\"potentialAction\":[{\"@type\":\"ReadAction\",\"target\":[\"http:\\\/\\\/flu-or.com\\\/web\\\/lampara-l\\\/\"]}]},{\"@type\":\"ImageObject\",\"inLanguage\":\"es\",\"@id\":\"http:\\\/\\\/flu-or.com\\\/web\\\/lampara-l\\\/#primaryimage\",\"url\":\"https:\\\/\\\/i0.wp.com\\\/flu-or.com\\\/web\\\/wp-content\\\/uploads\\\/2017\\\/01\\\/lamparaL-F.jpg?fit=1200%2C812\",\"contentUrl\":\"https:\\\/\\\/i0.wp.com\\\/flu-or.com\\\/web\\\/wp-content\\\/uploads\\\/2017\\\/01\\\/lamparaL-F.jpg?fit=1200%2C812\",\"width\":1200,\"height\":812},{\"@type\":\"BreadcrumbList\",\"@id\":\"http:\\\/\\\/flu-or.com\\\/web\\\/lampara-l\\\/#breadcrumb\",\"itemListElement\":[{\"@type\":\"ListItem\",\"position\":1,\"name\":\"Portada\",\"item\":\"http:\\\/\\\/flu-or.com\\\/web\\\/\"},{\"@type\":\"ListItem\",\"position\":2,\"name\":\"Lampara L\"}]},{\"@type\":\"WebSite\",\"@id\":\"http:\\\/\\\/flu-or.com\\\/web\\\/#website\",\"url\":\"http:\\\/\\\/flu-or.com\\\/web\\\/\",\"name\":\"FLU-OR Arquitectura\",\"description\":\"\",\"publisher\":{\"@id\":\"http:\\\/\\\/flu-or.com\\\/web\\\/#organization\"},\"potentialAction\":[{\"@type\":\"SearchAction\",\"target\":{\"@type\":\"EntryPoint\",\"urlTemplate\":\"http:\\\/\\\/flu-or.com\\\/web\\\/?s={search_term_string}\"},\"query-input\":{\"@type\":\"PropertyValueSpecification\",\"valueRequired\":true,\"valueName\":\"search_term_string\"}}],\"inLanguage\":\"es\"},{\"@type\":\"Organization\",\"@id\":\"http:\\\/\\\/flu-or.com\\\/web\\\/#organization\",\"name\":\"FLU-OR\",\"url\":\"http:\\\/\\\/flu-or.com\\\/web\\\/\",\"logo\":{\"@type\":\"ImageObject\",\"inLanguage\":\"es\",\"@id\":\"http:\\\/\\\/flu-or.com\\\/web\\\/#\\\/schema\\\/logo\\\/image\\\/\",\"url\":\"https:\\\/\\\/i1.wp.com\\\/flu-or.com\\\/web\\\/wp-content\\\/uploads\\\/2017\\\/03\\\/525743_423043221147125_1050716653_n.jpg?fit=960%2C960&ssl=1\",\"contentUrl\":\"https:\\\/\\\/i1.wp.com\\\/flu-or.com\\\/web\\\/wp-content\\\/uploads\\\/2017\\\/03\\\/525743_423043221147125_1050716653_n.jpg?fit=960%2C960&ssl=1\",\"width\":960,\"height\":960,\"caption\":\"FLU-OR\"},\"image\":{\"@id\":\"http:\\\/\\\/flu-or.com\\\/web\\\/#\\\/schema\\\/logo\\\/image\\\/\"},\"sameAs\":[\"https:\\\/\\\/www.facebook.com\\\/xeracionfluor\\\/\",\"https:\\\/\\\/x.com\\\/flu_or\",\"https:\\\/\\\/www.instagram.com\\\/flu__or\\\/\",\"https:\\\/\\\/www.linkedin.com\\\/company-beta\\\/3530617\\\/\"]}]}<\/script>\n<!-- \/ Yoast SEO plugin. -->","yoast_head_json":{"title":"Lampara L - FLU-OR Arquitectura","robots":{"index":"index","follow":"follow","max-snippet":"max-snippet:-1","max-image-preview":"max-image-preview:large","max-video-preview":"max-video-preview:-1"},"canonical":"http:\/\/flu-or.com\/web\/lampara-l\/","og_locale":"es_ES","og_type":"article","og_title":"Lampara L - FLU-OR Arquitectura","og_description":"Esta l\u00e1mpara es el resultado de un proceso de investigaci\u00f3n que parte del estudio de un espacio complejo y del uso que se hace de el.  Siendo entrada a la vivienda y un n\u00facleo de comunicaciones, la pieza no s\u00f3lo tiene que iluminar la estancia, sino completarla y darle car\u00e1cter.  El movimiento que se produce en este espacio hace que se busque un elemento que cambie con el tiempo, visible desde diferentes puntos de vista y que funcione tanto encendido como apagado.  En la l\u00e1mpara L< se parte de un solo punto con varias fuentes de luz a distintos niveles, unos m\u00e1s altos que otros, adapt\u00e1ndose a cada una de las zonas de la estancia, creando un cielo que es diferente seg\u00fan el lugar desde el que se observa.    Fotograf\u00eda: Juan Valiente","og_url":"http:\/\/flu-or.com\/web\/lampara-l\/","og_site_name":"FLU-OR Arquitectura","article_publisher":"https:\/\/www.facebook.com\/xeracionfluor\/","article_modified_time":"2017-02-27T12:01:08+00:00","og_image":[{"width":1200,"height":812,"url":"https:\/\/i0.wp.com\/flu-or.com\/web\/wp-content\/uploads\/2017\/01\/lamparaL-F.jpg?fit=1200%2C812","type":"image\/jpeg"}],"twitter_card":"summary_large_image","twitter_site":"@flu_or","schema":{"@context":"https:\/\/schema.org","@graph":[{"@type":"WebPage","@id":"http:\/\/flu-or.com\/web\/lampara-l\/","url":"http:\/\/flu-or.com\/web\/lampara-l\/","name":"Lampara L - FLU-OR Arquitectura","isPartOf":{"@id":"http:\/\/flu-or.com\/web\/#website"},"primaryImageOfPage":{"@id":"http:\/\/flu-or.com\/web\/lampara-l\/#primaryimage"},"image":{"@id":"http:\/\/flu-or.com\/web\/lampara-l\/#primaryimage"},"thumbnailUrl":"https:\/\/i0.wp.com\/flu-or.com\/web\/wp-content\/uploads\/2017\/01\/lamparaL-F.jpg?fit=1200%2C812","datePublished":"2017-01-12T11:08:02+00:00","dateModified":"2017-02-27T12:01:08+00:00","breadcrumb":{"@id":"http:\/\/flu-or.com\/web\/lampara-l\/#breadcrumb"},"inLanguage":"es","potentialAction":[{"@type":"ReadAction","target":["http:\/\/flu-or.com\/web\/lampara-l\/"]}]},{"@type":"ImageObject","inLanguage":"es","@id":"http:\/\/flu-or.com\/web\/lampara-l\/#primaryimage","url":"https:\/\/i0.wp.com\/flu-or.com\/web\/wp-content\/uploads\/2017\/01\/lamparaL-F.jpg?fit=1200%2C812","contentUrl":"https:\/\/i0.wp.com\/flu-or.com\/web\/wp-content\/uploads\/2017\/01\/lamparaL-F.jpg?fit=1200%2C812","width":1200,"height":812},{"@type":"BreadcrumbList","@id":"http:\/\/flu-or.com\/web\/lampara-l\/#breadcrumb","itemListElement":[{"@type":"ListItem","position":1,"name":"Portada","item":"http:\/\/flu-or.com\/web\/"},{"@type":"ListItem","position":2,"name":"Lampara L"}]},{"@type":"WebSite","@id":"http:\/\/flu-or.com\/web\/#website","url":"http:\/\/flu-or.com\/web\/","name":"FLU-OR Arquitectura","description":"","publisher":{"@id":"http:\/\/flu-or.com\/web\/#organization"},"potentialAction":[{"@type":"SearchAction","target":{"@type":"EntryPoint","urlTemplate":"http:\/\/flu-or.com\/web\/?s={search_term_string}"},"query-input":{"@type":"PropertyValueSpecification","valueRequired":true,"valueName":"search_term_string"}}],"inLanguage":"es"},{"@type":"Organization","@id":"http:\/\/flu-or.com\/web\/#organization","name":"FLU-OR","url":"http:\/\/flu-or.com\/web\/","logo":{"@type":"ImageObject","inLanguage":"es","@id":"http:\/\/flu-or.com\/web\/#\/schema\/logo\/image\/","url":"https:\/\/i1.wp.com\/flu-or.com\/web\/wp-content\/uploads\/2017\/03\/525743_423043221147125_1050716653_n.jpg?fit=960%2C960&ssl=1","contentUrl":"https:\/\/i1.wp.com\/flu-or.com\/web\/wp-content\/uploads\/2017\/03\/525743_423043221147125_1050716653_n.jpg?fit=960%2C960&ssl=1","width":960,"height":960,"caption":"FLU-OR"},"image":{"@id":"http:\/\/flu-or.com\/web\/#\/schema\/logo\/image\/"},"sameAs":["https:\/\/www.facebook.com\/xeracionfluor\/","https:\/\/x.com\/flu_or","https:\/\/www.instagram.com\/flu__or\/","https:\/\/www.linkedin.com\/company-beta\/3530617\/"]}]}},"jetpack_sharing_enabled":true,"_links":{"self":[{"href":"http:\/\/flu-or.com\/web\/wp-json\/wp\/v2\/pages\/29","targetHints":{"allow":["GET"]}}],"collection":[{"href":"http:\/\/flu-or.com\/web\/wp-json\/wp\/v2\/pages"}],"about":[{"href":"http:\/\/flu-or.com\/web\/wp-json\/wp\/v2\/types\/page"}],"author":[{"embeddable":true,"href":"http:\/\/flu-or.com\/web\/wp-json\/wp\/v2\/users\/1"}],"replies":[{"embeddable":true,"href":"http:\/\/flu-or.com\/web\/wp-json\/wp\/v2\/comments?post=29"}],"version-history":[{"count":2,"href":"http:\/\/flu-or.com\/web\/wp-json\/wp\/v2\/pages\/29\/revisions"}],"predecessor-version":[{"id":697,"href":"http:\/\/flu-or.com\/web\/wp-json\/wp\/v2\/pages\/29\/revisions\/697"}],"wp:featuredmedia":[{"embeddable":true,"href":"http:\/\/flu-or.com\/web\/wp-json\/wp\/v2\/media\/696"}],"wp:attachment":[{"href":"http:\/\/flu-or.com\/web\/wp-json\/wp\/v2\/media?parent=29"}],"curies":[{"name":"wp","href":"https:\/\/api.w.org\/{rel}","templated":true}]}}