{"id":35,"date":"2017-01-12T11:10:53","date_gmt":"2017-01-12T11:10:53","guid":{"rendered":"http:\/\/flu-or.com\/web\/?page_id=35"},"modified":"2017-02-27T12:18:15","modified_gmt":"2017-02-27T12:18:15","slug":"mesa-l","status":"publish","type":"page","link":"http:\/\/flu-or.com\/web\/mesa-l\/","title":{"rendered":"Mesa L"},"content":{"rendered":"<p class=\"jetpack-slideshow-noscript robots-nocontent\">El pase de diapositivas requiere JavaScript.<\/p><div id=\"gallery-35-1-slideshow\" class=\"jetpack-slideshow-window jetpack-slideshow jetpack-slideshow-black\" data-trans=\"fade\" data-autostart=\"1\" data-gallery=\"[{&quot;src&quot;:&quot;https:\\\/\\\/i0.wp.com\\\/flu-or.com\\\/web\\\/wp-content\\\/uploads\\\/2017\\\/01\\\/mesaL-2.jpg?fit=1800%2C1012&quot;,&quot;id&quot;:&quot;718&quot;,&quot;title&quot;:&quot;mesaL (2)&quot;,&quot;alt&quot;:&quot;&quot;,&quot;caption&quot;:&quot;&quot;,&quot;itemprop&quot;:&quot;image&quot;},{&quot;src&quot;:&quot;https:\\\/\\\/i0.wp.com\\\/flu-or.com\\\/web\\\/wp-content\\\/uploads\\\/2017\\\/01\\\/mesaL-1.jpg?fit=1800%2C1012&quot;,&quot;id&quot;:&quot;719&quot;,&quot;title&quot;:&quot;mesaL (1)&quot;,&quot;alt&quot;:&quot;&quot;,&quot;caption&quot;:&quot;&quot;,&quot;itemprop&quot;:&quot;image&quot;}]\" itemscope itemtype=\"https:\/\/schema.org\/ImageGallery\"><\/div>\n","protected":false},"excerpt":{"rendered":"<p>\u00abL\u00bb es una mesa elevable de dos niveles que puede usarse tanto de mesa de centro como mesa de comedor.<\/p>\n<p>El movimiento ascendente, produci\u00e9ndose este en el eje vertical, mantiene la mesa ocupando el mismo espacio en cualquiera de sus dos posiciones.<\/p>\n<p>La estructura de patas en L es la manera m\u00e1s f\u00e1cil y limpia de combinar los movimientos, dejando el m\u00e1ximo espacio libre para los pies, haciendo que la mesa sea lo m\u00e1s c\u00f3moda posible.<\/p>\n<p><img decoding=\"async\" data-src=\"http:\/\/flu-or.com\/web\/wp-content\/uploads\/2017\/01\/plano_mesaLhor.png\" alt=\"\" width=\"673\" height=\"307\" class=\"alignnone size-full wp-image-306 lazyload\" src=\"data:image\/svg+xml;base64,PHN2ZyB3aWR0aD0iMSIgaGVpZ2h0PSIxIiB4bWxucz0iaHR0cDovL3d3dy53My5vcmcvMjAwMC9zdmciPjwvc3ZnPg==\" style=\"--smush-placeholder-width: 673px; --smush-placeholder-aspect-ratio: 673\/307;\" \/><\/p>\n<p>Fotograf\u00eda: Carlos \u00c1lvarez<\/p>\n","protected":false},"author":1,"featured_media":720,"parent":0,"menu_order":0,"comment_status":"closed","ping_status":"closed","template":"","meta":{"footnotes":""},"class_list":["post-35","page","type-page","status-publish","has-post-thumbnail","hentry"],"yoast_head":"<!-- This site is optimized with the Yoast SEO plugin v27.3 - https:\/\/yoast.com\/product\/yoast-seo-wordpress\/ -->\n<title>Mesa L - FLU-OR Arquitectura<\/title>\n<meta name=\"robots\" content=\"index, follow, max-snippet:-1, max-image-preview:large, max-video-preview:-1\" \/>\n<link rel=\"canonical\" href=\"http:\/\/flu-or.com\/web\/mesa-l\/\" \/>\n<meta property=\"og:locale\" content=\"es_ES\" \/>\n<meta property=\"og:type\" content=\"article\" \/>\n<meta property=\"og:title\" content=\"Mesa L - FLU-OR Arquitectura\" \/>\n<meta property=\"og:description\" content=\"&quot;L&quot; es una mesa elevable de dos niveles que puede usarse tanto de mesa de centro como mesa de comedor.  El movimiento ascendente, produci\u00e9ndose este en el eje vertical, mantiene la mesa ocupando el mismo espacio en cualquiera de sus dos posiciones.  La estructura de patas en L es la manera m\u00e1s f\u00e1cil y limpia de combinar los movimientos, dejando el m\u00e1ximo espacio libre para los pies, haciendo que la mesa sea lo m\u00e1s c\u00f3moda posible.    Fotograf\u00eda: Carlos \u00c1lvarez\" \/>\n<meta property=\"og:url\" content=\"http:\/\/flu-or.com\/web\/mesa-l\/\" \/>\n<meta property=\"og:site_name\" content=\"FLU-OR Arquitectura\" \/>\n<meta property=\"article:publisher\" content=\"https:\/\/www.facebook.com\/xeracionfluor\/\" \/>\n<meta property=\"article:modified_time\" content=\"2017-02-27T12:18:15+00:00\" \/>\n<meta property=\"og:image\" content=\"https:\/\/i0.wp.com\/flu-or.com\/web\/wp-content\/uploads\/2017\/01\/mesalF.jpg?fit=1200%2C675\" \/>\n\t<meta property=\"og:image:width\" content=\"1200\" \/>\n\t<meta property=\"og:image:height\" content=\"675\" \/>\n\t<meta property=\"og:image:type\" content=\"image\/jpeg\" \/>\n<meta name=\"twitter:card\" content=\"summary_large_image\" \/>\n<meta name=\"twitter:site\" content=\"@flu_or\" \/>\n<script type=\"application\/ld+json\" class=\"yoast-schema-graph\">{\"@context\":\"https:\\\/\\\/schema.org\",\"@graph\":[{\"@type\":\"WebPage\",\"@id\":\"http:\\\/\\\/flu-or.com\\\/web\\\/mesa-l\\\/\",\"url\":\"http:\\\/\\\/flu-or.com\\\/web\\\/mesa-l\\\/\",\"name\":\"Mesa L - FLU-OR Arquitectura\",\"isPartOf\":{\"@id\":\"http:\\\/\\\/flu-or.com\\\/web\\\/#website\"},\"primaryImageOfPage\":{\"@id\":\"http:\\\/\\\/flu-or.com\\\/web\\\/mesa-l\\\/#primaryimage\"},\"image\":{\"@id\":\"http:\\\/\\\/flu-or.com\\\/web\\\/mesa-l\\\/#primaryimage\"},\"thumbnailUrl\":\"https:\\\/\\\/i0.wp.com\\\/flu-or.com\\\/web\\\/wp-content\\\/uploads\\\/2017\\\/01\\\/mesalF.jpg?fit=1200%2C675\",\"datePublished\":\"2017-01-12T11:10:53+00:00\",\"dateModified\":\"2017-02-27T12:18:15+00:00\",\"breadcrumb\":{\"@id\":\"http:\\\/\\\/flu-or.com\\\/web\\\/mesa-l\\\/#breadcrumb\"},\"inLanguage\":\"es\",\"potentialAction\":[{\"@type\":\"ReadAction\",\"target\":[\"http:\\\/\\\/flu-or.com\\\/web\\\/mesa-l\\\/\"]}]},{\"@type\":\"ImageObject\",\"inLanguage\":\"es\",\"@id\":\"http:\\\/\\\/flu-or.com\\\/web\\\/mesa-l\\\/#primaryimage\",\"url\":\"https:\\\/\\\/i0.wp.com\\\/flu-or.com\\\/web\\\/wp-content\\\/uploads\\\/2017\\\/01\\\/mesalF.jpg?fit=1200%2C675\",\"contentUrl\":\"https:\\\/\\\/i0.wp.com\\\/flu-or.com\\\/web\\\/wp-content\\\/uploads\\\/2017\\\/01\\\/mesalF.jpg?fit=1200%2C675\",\"width\":1200,\"height\":675},{\"@type\":\"BreadcrumbList\",\"@id\":\"http:\\\/\\\/flu-or.com\\\/web\\\/mesa-l\\\/#breadcrumb\",\"itemListElement\":[{\"@type\":\"ListItem\",\"position\":1,\"name\":\"Portada\",\"item\":\"http:\\\/\\\/flu-or.com\\\/web\\\/\"},{\"@type\":\"ListItem\",\"position\":2,\"name\":\"Mesa L\"}]},{\"@type\":\"WebSite\",\"@id\":\"http:\\\/\\\/flu-or.com\\\/web\\\/#website\",\"url\":\"http:\\\/\\\/flu-or.com\\\/web\\\/\",\"name\":\"FLU-OR Arquitectura\",\"description\":\"\",\"publisher\":{\"@id\":\"http:\\\/\\\/flu-or.com\\\/web\\\/#organization\"},\"potentialAction\":[{\"@type\":\"SearchAction\",\"target\":{\"@type\":\"EntryPoint\",\"urlTemplate\":\"http:\\\/\\\/flu-or.com\\\/web\\\/?s={search_term_string}\"},\"query-input\":{\"@type\":\"PropertyValueSpecification\",\"valueRequired\":true,\"valueName\":\"search_term_string\"}}],\"inLanguage\":\"es\"},{\"@type\":\"Organization\",\"@id\":\"http:\\\/\\\/flu-or.com\\\/web\\\/#organization\",\"name\":\"FLU-OR\",\"url\":\"http:\\\/\\\/flu-or.com\\\/web\\\/\",\"logo\":{\"@type\":\"ImageObject\",\"inLanguage\":\"es\",\"@id\":\"http:\\\/\\\/flu-or.com\\\/web\\\/#\\\/schema\\\/logo\\\/image\\\/\",\"url\":\"https:\\\/\\\/i1.wp.com\\\/flu-or.com\\\/web\\\/wp-content\\\/uploads\\\/2017\\\/03\\\/525743_423043221147125_1050716653_n.jpg?fit=960%2C960&ssl=1\",\"contentUrl\":\"https:\\\/\\\/i1.wp.com\\\/flu-or.com\\\/web\\\/wp-content\\\/uploads\\\/2017\\\/03\\\/525743_423043221147125_1050716653_n.jpg?fit=960%2C960&ssl=1\",\"width\":960,\"height\":960,\"caption\":\"FLU-OR\"},\"image\":{\"@id\":\"http:\\\/\\\/flu-or.com\\\/web\\\/#\\\/schema\\\/logo\\\/image\\\/\"},\"sameAs\":[\"https:\\\/\\\/www.facebook.com\\\/xeracionfluor\\\/\",\"https:\\\/\\\/x.com\\\/flu_or\",\"https:\\\/\\\/www.instagram.com\\\/flu__or\\\/\",\"https:\\\/\\\/www.linkedin.com\\\/company-beta\\\/3530617\\\/\"]}]}<\/script>\n<!-- \/ Yoast SEO plugin. -->","yoast_head_json":{"title":"Mesa L - FLU-OR Arquitectura","robots":{"index":"index","follow":"follow","max-snippet":"max-snippet:-1","max-image-preview":"max-image-preview:large","max-video-preview":"max-video-preview:-1"},"canonical":"http:\/\/flu-or.com\/web\/mesa-l\/","og_locale":"es_ES","og_type":"article","og_title":"Mesa L - FLU-OR Arquitectura","og_description":"\"L\" es una mesa elevable de dos niveles que puede usarse tanto de mesa de centro como mesa de comedor.  El movimiento ascendente, produci\u00e9ndose este en el eje vertical, mantiene la mesa ocupando el mismo espacio en cualquiera de sus dos posiciones.  La estructura de patas en L es la manera m\u00e1s f\u00e1cil y limpia de combinar los movimientos, dejando el m\u00e1ximo espacio libre para los pies, haciendo que la mesa sea lo m\u00e1s c\u00f3moda posible.    Fotograf\u00eda: Carlos \u00c1lvarez","og_url":"http:\/\/flu-or.com\/web\/mesa-l\/","og_site_name":"FLU-OR Arquitectura","article_publisher":"https:\/\/www.facebook.com\/xeracionfluor\/","article_modified_time":"2017-02-27T12:18:15+00:00","og_image":[{"width":1200,"height":675,"url":"https:\/\/i0.wp.com\/flu-or.com\/web\/wp-content\/uploads\/2017\/01\/mesalF.jpg?fit=1200%2C675","type":"image\/jpeg"}],"twitter_card":"summary_large_image","twitter_site":"@flu_or","schema":{"@context":"https:\/\/schema.org","@graph":[{"@type":"WebPage","@id":"http:\/\/flu-or.com\/web\/mesa-l\/","url":"http:\/\/flu-or.com\/web\/mesa-l\/","name":"Mesa L - FLU-OR Arquitectura","isPartOf":{"@id":"http:\/\/flu-or.com\/web\/#website"},"primaryImageOfPage":{"@id":"http:\/\/flu-or.com\/web\/mesa-l\/#primaryimage"},"image":{"@id":"http:\/\/flu-or.com\/web\/mesa-l\/#primaryimage"},"thumbnailUrl":"https:\/\/i0.wp.com\/flu-or.com\/web\/wp-content\/uploads\/2017\/01\/mesalF.jpg?fit=1200%2C675","datePublished":"2017-01-12T11:10:53+00:00","dateModified":"2017-02-27T12:18:15+00:00","breadcrumb":{"@id":"http:\/\/flu-or.com\/web\/mesa-l\/#breadcrumb"},"inLanguage":"es","potentialAction":[{"@type":"ReadAction","target":["http:\/\/flu-or.com\/web\/mesa-l\/"]}]},{"@type":"ImageObject","inLanguage":"es","@id":"http:\/\/flu-or.com\/web\/mesa-l\/#primaryimage","url":"https:\/\/i0.wp.com\/flu-or.com\/web\/wp-content\/uploads\/2017\/01\/mesalF.jpg?fit=1200%2C675","contentUrl":"https:\/\/i0.wp.com\/flu-or.com\/web\/wp-content\/uploads\/2017\/01\/mesalF.jpg?fit=1200%2C675","width":1200,"height":675},{"@type":"BreadcrumbList","@id":"http:\/\/flu-or.com\/web\/mesa-l\/#breadcrumb","itemListElement":[{"@type":"ListItem","position":1,"name":"Portada","item":"http:\/\/flu-or.com\/web\/"},{"@type":"ListItem","position":2,"name":"Mesa L"}]},{"@type":"WebSite","@id":"http:\/\/flu-or.com\/web\/#website","url":"http:\/\/flu-or.com\/web\/","name":"FLU-OR Arquitectura","description":"","publisher":{"@id":"http:\/\/flu-or.com\/web\/#organization"},"potentialAction":[{"@type":"SearchAction","target":{"@type":"EntryPoint","urlTemplate":"http:\/\/flu-or.com\/web\/?s={search_term_string}"},"query-input":{"@type":"PropertyValueSpecification","valueRequired":true,"valueName":"search_term_string"}}],"inLanguage":"es"},{"@type":"Organization","@id":"http:\/\/flu-or.com\/web\/#organization","name":"FLU-OR","url":"http:\/\/flu-or.com\/web\/","logo":{"@type":"ImageObject","inLanguage":"es","@id":"http:\/\/flu-or.com\/web\/#\/schema\/logo\/image\/","url":"https:\/\/i1.wp.com\/flu-or.com\/web\/wp-content\/uploads\/2017\/03\/525743_423043221147125_1050716653_n.jpg?fit=960%2C960&ssl=1","contentUrl":"https:\/\/i1.wp.com\/flu-or.com\/web\/wp-content\/uploads\/2017\/03\/525743_423043221147125_1050716653_n.jpg?fit=960%2C960&ssl=1","width":960,"height":960,"caption":"FLU-OR"},"image":{"@id":"http:\/\/flu-or.com\/web\/#\/schema\/logo\/image\/"},"sameAs":["https:\/\/www.facebook.com\/xeracionfluor\/","https:\/\/x.com\/flu_or","https:\/\/www.instagram.com\/flu__or\/","https:\/\/www.linkedin.com\/company-beta\/3530617\/"]}]}},"jetpack_sharing_enabled":true,"_links":{"self":[{"href":"http:\/\/flu-or.com\/web\/wp-json\/wp\/v2\/pages\/35","targetHints":{"allow":["GET"]}}],"collection":[{"href":"http:\/\/flu-or.com\/web\/wp-json\/wp\/v2\/pages"}],"about":[{"href":"http:\/\/flu-or.com\/web\/wp-json\/wp\/v2\/types\/page"}],"author":[{"embeddable":true,"href":"http:\/\/flu-or.com\/web\/wp-json\/wp\/v2\/users\/1"}],"replies":[{"embeddable":true,"href":"http:\/\/flu-or.com\/web\/wp-json\/wp\/v2\/comments?post=35"}],"version-history":[{"count":1,"href":"http:\/\/flu-or.com\/web\/wp-json\/wp\/v2\/pages\/35\/revisions"}],"predecessor-version":[{"id":721,"href":"http:\/\/flu-or.com\/web\/wp-json\/wp\/v2\/pages\/35\/revisions\/721"}],"wp:featuredmedia":[{"embeddable":true,"href":"http:\/\/flu-or.com\/web\/wp-json\/wp\/v2\/media\/720"}],"wp:attachment":[{"href":"http:\/\/flu-or.com\/web\/wp-json\/wp\/v2\/media?parent=35"}],"curies":[{"name":"wp","href":"https:\/\/api.w.org\/{rel}","templated":true}]}}