{"id":56,"date":"2017-01-15T11:20:26","date_gmt":"2017-01-15T11:20:26","guid":{"rendered":"http:\/\/flu-or.com\/web\/?page_id=56"},"modified":"2017-02-27T12:53:45","modified_gmt":"2017-02-27T12:53:45","slug":"salon-mera","status":"publish","type":"page","link":"http:\/\/flu-or.com\/web\/salon-mera\/","title":{"rendered":"Salon Mera"},"content":{"rendered":"<p class=\"jetpack-slideshow-noscript robots-nocontent\">El pase de diapositivas requiere JavaScript.<\/p><div id=\"gallery-56-1-slideshow\" class=\"jetpack-slideshow-window jetpack-slideshow jetpack-slideshow-black\" data-trans=\"fade\" data-autostart=\"1\" data-gallery=\"[{&quot;src&quot;:&quot;https:\\\/\\\/i0.wp.com\\\/flu-or.com\\\/web\\\/wp-content\\\/uploads\\\/2017\\\/01\\\/mera-1.jpg?fit=1800%2C1200&quot;,&quot;id&quot;:&quot;756&quot;,&quot;title&quot;:&quot;mera (1)&quot;,&quot;alt&quot;:&quot;&quot;,&quot;caption&quot;:&quot;&quot;,&quot;itemprop&quot;:&quot;image&quot;},{&quot;src&quot;:&quot;https:\\\/\\\/i0.wp.com\\\/flu-or.com\\\/web\\\/wp-content\\\/uploads\\\/2017\\\/01\\\/mera-2.jpg?fit=1800%2C1200&quot;,&quot;id&quot;:&quot;757&quot;,&quot;title&quot;:&quot;mera (2)&quot;,&quot;alt&quot;:&quot;&quot;,&quot;caption&quot;:&quot;&quot;,&quot;itemprop&quot;:&quot;image&quot;},{&quot;src&quot;:&quot;https:\\\/\\\/i0.wp.com\\\/flu-or.com\\\/web\\\/wp-content\\\/uploads\\\/2017\\\/01\\\/mera-3.jpg?fit=1800%2C1200&quot;,&quot;id&quot;:&quot;758&quot;,&quot;title&quot;:&quot;mera (3)&quot;,&quot;alt&quot;:&quot;&quot;,&quot;caption&quot;:&quot;&quot;,&quot;itemprop&quot;:&quot;image&quot;}]\" itemscope itemtype=\"https:\/\/schema.org\/ImageGallery\"><\/div>\n","protected":false},"excerpt":{"rendered":"<p>Se trata de una reforma del espacio abierto anexo a una vivienda. La idea de acondicionarlo y crear un sal\u00f3n para todo el a\u00f1o no impide poder disfrutar del espacio abierto en verano. <\/p>\n<p>Por ello, se emplean grandes carpinter\u00edas correderas que se ocultan y dejan el espacio totalmente abierto. Como elementos fijos aparecen un banco de hormig\u00f3n, sobre el que se hace el fuego, manteniendo un nivel cont\u00ednuo con los bancos laterales. Los dos usos requeridos, sal\u00f3n y comedor, son posibles gracias a la l\u00e1mpara Bimba y la mesa Y.<\/p>\n<p><img decoding=\"async\" data-src=\"http:\/\/flu-or.com\/web\/wp-content\/uploads\/2017\/01\/mera-01.png\" alt=\"\" width=\"1250\" height=\"833\" class=\"alignnone size-full wp-image-364 lazyload\" src=\"data:image\/svg+xml;base64,PHN2ZyB3aWR0aD0iMSIgaGVpZ2h0PSIxIiB4bWxucz0iaHR0cDovL3d3dy53My5vcmcvMjAwMC9zdmciPjwvc3ZnPg==\" style=\"--smush-placeholder-width: 1250px; --smush-placeholder-aspect-ratio: 1250\/833;\" \/><\/p>\n","protected":false},"author":1,"featured_media":760,"parent":0,"menu_order":0,"comment_status":"closed","ping_status":"closed","template":"","meta":{"footnotes":""},"class_list":["post-56","page","type-page","status-publish","has-post-thumbnail","hentry"],"yoast_head":"<!-- This site is optimized with the Yoast SEO plugin v27.4 - https:\/\/yoast.com\/product\/yoast-seo-wordpress\/ -->\n<title>Salon Mera - FLU-OR Arquitectura<\/title>\n<meta name=\"robots\" content=\"index, follow, max-snippet:-1, max-image-preview:large, max-video-preview:-1\" \/>\n<link rel=\"canonical\" href=\"http:\/\/flu-or.com\/web\/salon-mera\/\" \/>\n<meta property=\"og:locale\" content=\"es_ES\" \/>\n<meta property=\"og:type\" content=\"article\" \/>\n<meta property=\"og:title\" content=\"Salon Mera - FLU-OR Arquitectura\" \/>\n<meta property=\"og:description\" content=\"Se trata de una reforma del espacio abierto anexo a una vivienda. La idea de acondicionarlo y crear un sal\u00f3n para todo el a\u00f1o no impide poder disfrutar del espacio abierto en verano.   Por ello, se emplean grandes carpinter\u00edas correderas que se ocultan y dejan el espacio totalmente abierto. Como elementos fijos aparecen un banco de hormig\u00f3n, sobre el que se hace el fuego, manteniendo un nivel cont\u00ednuo con los bancos laterales. Los dos usos requeridos, sal\u00f3n y comedor, son posibles gracias a la l\u00e1mpara Bimba y la mesa Y.\" \/>\n<meta property=\"og:url\" content=\"http:\/\/flu-or.com\/web\/salon-mera\/\" \/>\n<meta property=\"og:site_name\" content=\"FLU-OR Arquitectura\" \/>\n<meta property=\"article:publisher\" content=\"https:\/\/www.facebook.com\/xeracionfluor\/\" \/>\n<meta property=\"article:modified_time\" content=\"2017-02-27T12:53:45+00:00\" \/>\n<meta property=\"og:image\" content=\"https:\/\/i0.wp.com\/flu-or.com\/web\/wp-content\/uploads\/2017\/01\/meraF.jpg?fit=1200%2C800\" \/>\n\t<meta property=\"og:image:width\" content=\"1200\" \/>\n\t<meta property=\"og:image:height\" content=\"800\" \/>\n\t<meta property=\"og:image:type\" content=\"image\/jpeg\" \/>\n<meta name=\"twitter:card\" content=\"summary_large_image\" \/>\n<meta name=\"twitter:site\" content=\"@flu_or\" \/>\n<script type=\"application\/ld+json\" class=\"yoast-schema-graph\">{\"@context\":\"https:\\\/\\\/schema.org\",\"@graph\":[{\"@type\":\"WebPage\",\"@id\":\"http:\\\/\\\/flu-or.com\\\/web\\\/salon-mera\\\/\",\"url\":\"http:\\\/\\\/flu-or.com\\\/web\\\/salon-mera\\\/\",\"name\":\"Salon Mera - FLU-OR Arquitectura\",\"isPartOf\":{\"@id\":\"https:\\\/\\\/flu-or.com\\\/web\\\/#website\"},\"primaryImageOfPage\":{\"@id\":\"http:\\\/\\\/flu-or.com\\\/web\\\/salon-mera\\\/#primaryimage\"},\"image\":{\"@id\":\"http:\\\/\\\/flu-or.com\\\/web\\\/salon-mera\\\/#primaryimage\"},\"thumbnailUrl\":\"https:\\\/\\\/i0.wp.com\\\/flu-or.com\\\/web\\\/wp-content\\\/uploads\\\/2017\\\/01\\\/meraF.jpg?fit=1200%2C800\",\"datePublished\":\"2017-01-15T11:20:26+00:00\",\"dateModified\":\"2017-02-27T12:53:45+00:00\",\"breadcrumb\":{\"@id\":\"http:\\\/\\\/flu-or.com\\\/web\\\/salon-mera\\\/#breadcrumb\"},\"inLanguage\":\"es\",\"potentialAction\":[{\"@type\":\"ReadAction\",\"target\":[\"http:\\\/\\\/flu-or.com\\\/web\\\/salon-mera\\\/\"]}]},{\"@type\":\"ImageObject\",\"inLanguage\":\"es\",\"@id\":\"http:\\\/\\\/flu-or.com\\\/web\\\/salon-mera\\\/#primaryimage\",\"url\":\"https:\\\/\\\/i0.wp.com\\\/flu-or.com\\\/web\\\/wp-content\\\/uploads\\\/2017\\\/01\\\/meraF.jpg?fit=1200%2C800\",\"contentUrl\":\"https:\\\/\\\/i0.wp.com\\\/flu-or.com\\\/web\\\/wp-content\\\/uploads\\\/2017\\\/01\\\/meraF.jpg?fit=1200%2C800\",\"width\":1200,\"height\":800},{\"@type\":\"BreadcrumbList\",\"@id\":\"http:\\\/\\\/flu-or.com\\\/web\\\/salon-mera\\\/#breadcrumb\",\"itemListElement\":[{\"@type\":\"ListItem\",\"position\":1,\"name\":\"Portada\",\"item\":\"https:\\\/\\\/flu-or.com\\\/web\\\/\"},{\"@type\":\"ListItem\",\"position\":2,\"name\":\"Salon Mera\"}]},{\"@type\":\"WebSite\",\"@id\":\"https:\\\/\\\/flu-or.com\\\/web\\\/#website\",\"url\":\"https:\\\/\\\/flu-or.com\\\/web\\\/\",\"name\":\"FLU-OR Arquitectura\",\"description\":\"\",\"publisher\":{\"@id\":\"https:\\\/\\\/flu-or.com\\\/web\\\/#organization\"},\"potentialAction\":[{\"@type\":\"SearchAction\",\"target\":{\"@type\":\"EntryPoint\",\"urlTemplate\":\"https:\\\/\\\/flu-or.com\\\/web\\\/?s={search_term_string}\"},\"query-input\":{\"@type\":\"PropertyValueSpecification\",\"valueRequired\":true,\"valueName\":\"search_term_string\"}}],\"inLanguage\":\"es\"},{\"@type\":\"Organization\",\"@id\":\"https:\\\/\\\/flu-or.com\\\/web\\\/#organization\",\"name\":\"FLU-OR\",\"url\":\"https:\\\/\\\/flu-or.com\\\/web\\\/\",\"logo\":{\"@type\":\"ImageObject\",\"inLanguage\":\"es\",\"@id\":\"https:\\\/\\\/flu-or.com\\\/web\\\/#\\\/schema\\\/logo\\\/image\\\/\",\"url\":\"https:\\\/\\\/i1.wp.com\\\/flu-or.com\\\/web\\\/wp-content\\\/uploads\\\/2017\\\/03\\\/525743_423043221147125_1050716653_n.jpg?fit=960%2C960&ssl=1\",\"contentUrl\":\"https:\\\/\\\/i1.wp.com\\\/flu-or.com\\\/web\\\/wp-content\\\/uploads\\\/2017\\\/03\\\/525743_423043221147125_1050716653_n.jpg?fit=960%2C960&ssl=1\",\"width\":960,\"height\":960,\"caption\":\"FLU-OR\"},\"image\":{\"@id\":\"https:\\\/\\\/flu-or.com\\\/web\\\/#\\\/schema\\\/logo\\\/image\\\/\"},\"sameAs\":[\"https:\\\/\\\/www.facebook.com\\\/xeracionfluor\\\/\",\"https:\\\/\\\/x.com\\\/flu_or\",\"https:\\\/\\\/www.instagram.com\\\/flu__or\\\/\",\"https:\\\/\\\/www.linkedin.com\\\/company-beta\\\/3530617\\\/\"]}]}<\/script>\n<!-- \/ Yoast SEO plugin. -->","yoast_head_json":{"title":"Salon Mera - FLU-OR Arquitectura","robots":{"index":"index","follow":"follow","max-snippet":"max-snippet:-1","max-image-preview":"max-image-preview:large","max-video-preview":"max-video-preview:-1"},"canonical":"http:\/\/flu-or.com\/web\/salon-mera\/","og_locale":"es_ES","og_type":"article","og_title":"Salon Mera - FLU-OR Arquitectura","og_description":"Se trata de una reforma del espacio abierto anexo a una vivienda. La idea de acondicionarlo y crear un sal\u00f3n para todo el a\u00f1o no impide poder disfrutar del espacio abierto en verano.   Por ello, se emplean grandes carpinter\u00edas correderas que se ocultan y dejan el espacio totalmente abierto. Como elementos fijos aparecen un banco de hormig\u00f3n, sobre el que se hace el fuego, manteniendo un nivel cont\u00ednuo con los bancos laterales. Los dos usos requeridos, sal\u00f3n y comedor, son posibles gracias a la l\u00e1mpara Bimba y la mesa Y.","og_url":"http:\/\/flu-or.com\/web\/salon-mera\/","og_site_name":"FLU-OR Arquitectura","article_publisher":"https:\/\/www.facebook.com\/xeracionfluor\/","article_modified_time":"2017-02-27T12:53:45+00:00","og_image":[{"width":1200,"height":800,"url":"https:\/\/i0.wp.com\/flu-or.com\/web\/wp-content\/uploads\/2017\/01\/meraF.jpg?fit=1200%2C800","type":"image\/jpeg"}],"twitter_card":"summary_large_image","twitter_site":"@flu_or","schema":{"@context":"https:\/\/schema.org","@graph":[{"@type":"WebPage","@id":"http:\/\/flu-or.com\/web\/salon-mera\/","url":"http:\/\/flu-or.com\/web\/salon-mera\/","name":"Salon Mera - FLU-OR Arquitectura","isPartOf":{"@id":"https:\/\/flu-or.com\/web\/#website"},"primaryImageOfPage":{"@id":"http:\/\/flu-or.com\/web\/salon-mera\/#primaryimage"},"image":{"@id":"http:\/\/flu-or.com\/web\/salon-mera\/#primaryimage"},"thumbnailUrl":"https:\/\/i0.wp.com\/flu-or.com\/web\/wp-content\/uploads\/2017\/01\/meraF.jpg?fit=1200%2C800","datePublished":"2017-01-15T11:20:26+00:00","dateModified":"2017-02-27T12:53:45+00:00","breadcrumb":{"@id":"http:\/\/flu-or.com\/web\/salon-mera\/#breadcrumb"},"inLanguage":"es","potentialAction":[{"@type":"ReadAction","target":["http:\/\/flu-or.com\/web\/salon-mera\/"]}]},{"@type":"ImageObject","inLanguage":"es","@id":"http:\/\/flu-or.com\/web\/salon-mera\/#primaryimage","url":"https:\/\/i0.wp.com\/flu-or.com\/web\/wp-content\/uploads\/2017\/01\/meraF.jpg?fit=1200%2C800","contentUrl":"https:\/\/i0.wp.com\/flu-or.com\/web\/wp-content\/uploads\/2017\/01\/meraF.jpg?fit=1200%2C800","width":1200,"height":800},{"@type":"BreadcrumbList","@id":"http:\/\/flu-or.com\/web\/salon-mera\/#breadcrumb","itemListElement":[{"@type":"ListItem","position":1,"name":"Portada","item":"https:\/\/flu-or.com\/web\/"},{"@type":"ListItem","position":2,"name":"Salon Mera"}]},{"@type":"WebSite","@id":"https:\/\/flu-or.com\/web\/#website","url":"https:\/\/flu-or.com\/web\/","name":"FLU-OR Arquitectura","description":"","publisher":{"@id":"https:\/\/flu-or.com\/web\/#organization"},"potentialAction":[{"@type":"SearchAction","target":{"@type":"EntryPoint","urlTemplate":"https:\/\/flu-or.com\/web\/?s={search_term_string}"},"query-input":{"@type":"PropertyValueSpecification","valueRequired":true,"valueName":"search_term_string"}}],"inLanguage":"es"},{"@type":"Organization","@id":"https:\/\/flu-or.com\/web\/#organization","name":"FLU-OR","url":"https:\/\/flu-or.com\/web\/","logo":{"@type":"ImageObject","inLanguage":"es","@id":"https:\/\/flu-or.com\/web\/#\/schema\/logo\/image\/","url":"https:\/\/i1.wp.com\/flu-or.com\/web\/wp-content\/uploads\/2017\/03\/525743_423043221147125_1050716653_n.jpg?fit=960%2C960&ssl=1","contentUrl":"https:\/\/i1.wp.com\/flu-or.com\/web\/wp-content\/uploads\/2017\/03\/525743_423043221147125_1050716653_n.jpg?fit=960%2C960&ssl=1","width":960,"height":960,"caption":"FLU-OR"},"image":{"@id":"https:\/\/flu-or.com\/web\/#\/schema\/logo\/image\/"},"sameAs":["https:\/\/www.facebook.com\/xeracionfluor\/","https:\/\/x.com\/flu_or","https:\/\/www.instagram.com\/flu__or\/","https:\/\/www.linkedin.com\/company-beta\/3530617\/"]}]}},"jetpack_sharing_enabled":false,"_links":{"self":[{"href":"http:\/\/flu-or.com\/web\/wp-json\/wp\/v2\/pages\/56","targetHints":{"allow":["GET"]}}],"collection":[{"href":"http:\/\/flu-or.com\/web\/wp-json\/wp\/v2\/pages"}],"about":[{"href":"http:\/\/flu-or.com\/web\/wp-json\/wp\/v2\/types\/page"}],"author":[{"embeddable":true,"href":"http:\/\/flu-or.com\/web\/wp-json\/wp\/v2\/users\/1"}],"replies":[{"embeddable":true,"href":"http:\/\/flu-or.com\/web\/wp-json\/wp\/v2\/comments?post=56"}],"version-history":[{"count":2,"href":"http:\/\/flu-or.com\/web\/wp-json\/wp\/v2\/pages\/56\/revisions"}],"predecessor-version":[{"id":761,"href":"http:\/\/flu-or.com\/web\/wp-json\/wp\/v2\/pages\/56\/revisions\/761"}],"wp:featuredmedia":[{"embeddable":true,"href":"http:\/\/flu-or.com\/web\/wp-json\/wp\/v2\/media\/760"}],"wp:attachment":[{"href":"http:\/\/flu-or.com\/web\/wp-json\/wp\/v2\/media?parent=56"}],"curies":[{"name":"wp","href":"https:\/\/api.w.org\/{rel}","templated":true}]}}