{"id":59,"date":"2017-01-12T11:21:20","date_gmt":"2017-01-12T11:21:20","guid":{"rendered":"http:\/\/flu-or.com\/web\/?page_id=59"},"modified":"2017-02-27T11:51:06","modified_gmt":"2017-02-27T11:51:06","slug":"gaia","status":"publish","type":"page","link":"http:\/\/flu-or.com\/web\/gaia\/","title":{"rendered":"Gaia"},"content":{"rendered":"<p class=\"jetpack-slideshow-noscript robots-nocontent\">El pase de diapositivas requiere JavaScript.<\/p><div id=\"gallery-59-1-slideshow\" class=\"jetpack-slideshow-window jetpack-slideshow jetpack-slideshow-black\" data-trans=\"fade\" data-autostart=\"1\" data-gallery=\"[{&quot;src&quot;:&quot;https:\\\/\\\/i0.wp.com\\\/flu-or.com\\\/web\\\/wp-content\\\/uploads\\\/2017\\\/01\\\/gaia_01.jpg?fit=1800%2C1199&quot;,&quot;id&quot;:&quot;671&quot;,&quot;title&quot;:&quot;gaia_01&quot;,&quot;alt&quot;:&quot;&quot;,&quot;caption&quot;:&quot;&quot;,&quot;itemprop&quot;:&quot;image&quot;},{&quot;src&quot;:&quot;https:\\\/\\\/i0.wp.com\\\/flu-or.com\\\/web\\\/wp-content\\\/uploads\\\/2017\\\/01\\\/gaia_02.jpg?fit=1800%2C1199&quot;,&quot;id&quot;:&quot;672&quot;,&quot;title&quot;:&quot;gaia_02&quot;,&quot;alt&quot;:&quot;&quot;,&quot;caption&quot;:&quot;&quot;,&quot;itemprop&quot;:&quot;image&quot;},{&quot;src&quot;:&quot;https:\\\/\\\/i0.wp.com\\\/flu-or.com\\\/web\\\/wp-content\\\/uploads\\\/2017\\\/01\\\/gaia_03.jpg?fit=1800%2C1199&quot;,&quot;id&quot;:&quot;673&quot;,&quot;title&quot;:&quot;gaia_03&quot;,&quot;alt&quot;:&quot;&quot;,&quot;caption&quot;:&quot;&quot;,&quot;itemprop&quot;:&quot;image&quot;},{&quot;src&quot;:&quot;https:\\\/\\\/i0.wp.com\\\/flu-or.com\\\/web\\\/wp-content\\\/uploads\\\/2017\\\/01\\\/gaia_04.jpg?fit=1800%2C1199&quot;,&quot;id&quot;:&quot;674&quot;,&quot;title&quot;:&quot;gaia_04&quot;,&quot;alt&quot;:&quot;&quot;,&quot;caption&quot;:&quot;&quot;,&quot;itemprop&quot;:&quot;image&quot;},{&quot;src&quot;:&quot;https:\\\/\\\/i0.wp.com\\\/flu-or.com\\\/web\\\/wp-content\\\/uploads\\\/2017\\\/01\\\/gaia_05.jpg?fit=1800%2C1199&quot;,&quot;id&quot;:&quot;675&quot;,&quot;title&quot;:&quot;gaia_05&quot;,&quot;alt&quot;:&quot;&quot;,&quot;caption&quot;:&quot;&quot;,&quot;itemprop&quot;:&quot;image&quot;},{&quot;src&quot;:&quot;https:\\\/\\\/i0.wp.com\\\/flu-or.com\\\/web\\\/wp-content\\\/uploads\\\/2017\\\/01\\\/gaia_06.jpg?fit=1800%2C1199&quot;,&quot;id&quot;:&quot;676&quot;,&quot;title&quot;:&quot;gaia_06&quot;,&quot;alt&quot;:&quot;&quot;,&quot;caption&quot;:&quot;&quot;,&quot;itemprop&quot;:&quot;image&quot;}]\" itemscope itemtype=\"https:\/\/schema.org\/ImageGallery\"><\/div>\n","protected":false},"excerpt":{"rendered":"<p>Gaia es un perchero coronado por un estante. <\/p>\n<p>Se basa en dos l\u00edneas de acero que se tocan y soportan una l\u00e1mina de madera. Se fija a la pared en dos puntos y se apoya en el suelo con una pata vertical, que se retranquea con una curva delicada y libera espacio a sus pies. <\/p>\n<p>La pieza superior, en madera de roble, var\u00eda su dimensi\u00f3n horizontal seg\u00fan la pared que se desee ocupar. Se remata con curvas en sus esquinas y permite la firmeza de todo el conjunto, sirviendo de uni\u00f3n a las piezas de acero estructural. <\/p>\n<p><img decoding=\"async\" data-src=\"http:\/\/flu-or.com\/web\/wp-content\/uploads\/2017\/01\/plano_gaia.png\" alt=\"\" width=\"1350\" height=\"727\" class=\"alignnone size-full wp-image-297 lazyload\" src=\"data:image\/svg+xml;base64,PHN2ZyB3aWR0aD0iMSIgaGVpZ2h0PSIxIiB4bWxucz0iaHR0cDovL3d3dy53My5vcmcvMjAwMC9zdmciPjwvc3ZnPg==\" style=\"--smush-placeholder-width: 1350px; --smush-placeholder-aspect-ratio: 1350\/727;\" \/><\/p>\n","protected":false},"author":1,"featured_media":670,"parent":0,"menu_order":0,"comment_status":"closed","ping_status":"closed","template":"","meta":{"footnotes":""},"class_list":["post-59","page","type-page","status-publish","has-post-thumbnail","hentry"],"yoast_head":"<!-- This site is optimized with the Yoast SEO plugin v27.4 - https:\/\/yoast.com\/product\/yoast-seo-wordpress\/ -->\n<title>Gaia - FLU-OR Arquitectura<\/title>\n<meta name=\"robots\" content=\"index, follow, max-snippet:-1, max-image-preview:large, max-video-preview:-1\" \/>\n<link rel=\"canonical\" href=\"http:\/\/flu-or.com\/web\/gaia\/\" \/>\n<meta property=\"og:locale\" content=\"es_ES\" \/>\n<meta property=\"og:type\" content=\"article\" \/>\n<meta property=\"og:title\" content=\"Gaia - FLU-OR Arquitectura\" \/>\n<meta property=\"og:description\" content=\"Gaia es un perchero coronado por un estante.   Se basa en dos l\u00edneas de acero que se tocan y soportan una l\u00e1mina de madera. Se fija a la pared en dos puntos y se apoya en el suelo con una pata vertical, que se retranquea con una curva delicada y libera espacio a sus pies.   La pieza superior, en madera de roble, var\u00eda su dimensi\u00f3n horizontal seg\u00fan la pared que se desee ocupar. Se remata con curvas en sus esquinas y permite la firmeza de todo el conjunto, sirviendo de uni\u00f3n a las piezas de acero estructural.\" \/>\n<meta property=\"og:url\" content=\"http:\/\/flu-or.com\/web\/gaia\/\" \/>\n<meta property=\"og:site_name\" content=\"FLU-OR Arquitectura\" \/>\n<meta property=\"article:publisher\" content=\"https:\/\/www.facebook.com\/xeracionfluor\/\" \/>\n<meta property=\"article:modified_time\" content=\"2017-02-27T11:51:06+00:00\" \/>\n<meta property=\"og:image\" content=\"https:\/\/i0.wp.com\/flu-or.com\/web\/wp-content\/uploads\/2017\/01\/gaiaF.jpg?fit=1200%2C799\" \/>\n\t<meta property=\"og:image:width\" content=\"1200\" \/>\n\t<meta property=\"og:image:height\" content=\"799\" \/>\n\t<meta property=\"og:image:type\" content=\"image\/jpeg\" \/>\n<meta name=\"twitter:card\" content=\"summary_large_image\" \/>\n<meta name=\"twitter:site\" content=\"@flu_or\" \/>\n<script type=\"application\/ld+json\" class=\"yoast-schema-graph\">{\"@context\":\"https:\\\/\\\/schema.org\",\"@graph\":[{\"@type\":\"WebPage\",\"@id\":\"http:\\\/\\\/flu-or.com\\\/web\\\/gaia\\\/\",\"url\":\"http:\\\/\\\/flu-or.com\\\/web\\\/gaia\\\/\",\"name\":\"Gaia - FLU-OR Arquitectura\",\"isPartOf\":{\"@id\":\"https:\\\/\\\/flu-or.com\\\/web\\\/#website\"},\"primaryImageOfPage\":{\"@id\":\"http:\\\/\\\/flu-or.com\\\/web\\\/gaia\\\/#primaryimage\"},\"image\":{\"@id\":\"http:\\\/\\\/flu-or.com\\\/web\\\/gaia\\\/#primaryimage\"},\"thumbnailUrl\":\"https:\\\/\\\/i0.wp.com\\\/flu-or.com\\\/web\\\/wp-content\\\/uploads\\\/2017\\\/01\\\/gaiaF.jpg?fit=1200%2C799\",\"datePublished\":\"2017-01-12T11:21:20+00:00\",\"dateModified\":\"2017-02-27T11:51:06+00:00\",\"breadcrumb\":{\"@id\":\"http:\\\/\\\/flu-or.com\\\/web\\\/gaia\\\/#breadcrumb\"},\"inLanguage\":\"es\",\"potentialAction\":[{\"@type\":\"ReadAction\",\"target\":[\"http:\\\/\\\/flu-or.com\\\/web\\\/gaia\\\/\"]}]},{\"@type\":\"ImageObject\",\"inLanguage\":\"es\",\"@id\":\"http:\\\/\\\/flu-or.com\\\/web\\\/gaia\\\/#primaryimage\",\"url\":\"https:\\\/\\\/i0.wp.com\\\/flu-or.com\\\/web\\\/wp-content\\\/uploads\\\/2017\\\/01\\\/gaiaF.jpg?fit=1200%2C799\",\"contentUrl\":\"https:\\\/\\\/i0.wp.com\\\/flu-or.com\\\/web\\\/wp-content\\\/uploads\\\/2017\\\/01\\\/gaiaF.jpg?fit=1200%2C799\",\"width\":1200,\"height\":799},{\"@type\":\"BreadcrumbList\",\"@id\":\"http:\\\/\\\/flu-or.com\\\/web\\\/gaia\\\/#breadcrumb\",\"itemListElement\":[{\"@type\":\"ListItem\",\"position\":1,\"name\":\"Portada\",\"item\":\"https:\\\/\\\/flu-or.com\\\/web\\\/\"},{\"@type\":\"ListItem\",\"position\":2,\"name\":\"Gaia\"}]},{\"@type\":\"WebSite\",\"@id\":\"https:\\\/\\\/flu-or.com\\\/web\\\/#website\",\"url\":\"https:\\\/\\\/flu-or.com\\\/web\\\/\",\"name\":\"FLU-OR Arquitectura\",\"description\":\"\",\"publisher\":{\"@id\":\"https:\\\/\\\/flu-or.com\\\/web\\\/#organization\"},\"potentialAction\":[{\"@type\":\"SearchAction\",\"target\":{\"@type\":\"EntryPoint\",\"urlTemplate\":\"https:\\\/\\\/flu-or.com\\\/web\\\/?s={search_term_string}\"},\"query-input\":{\"@type\":\"PropertyValueSpecification\",\"valueRequired\":true,\"valueName\":\"search_term_string\"}}],\"inLanguage\":\"es\"},{\"@type\":\"Organization\",\"@id\":\"https:\\\/\\\/flu-or.com\\\/web\\\/#organization\",\"name\":\"FLU-OR\",\"url\":\"https:\\\/\\\/flu-or.com\\\/web\\\/\",\"logo\":{\"@type\":\"ImageObject\",\"inLanguage\":\"es\",\"@id\":\"https:\\\/\\\/flu-or.com\\\/web\\\/#\\\/schema\\\/logo\\\/image\\\/\",\"url\":\"https:\\\/\\\/i1.wp.com\\\/flu-or.com\\\/web\\\/wp-content\\\/uploads\\\/2017\\\/03\\\/525743_423043221147125_1050716653_n.jpg?fit=960%2C960&ssl=1\",\"contentUrl\":\"https:\\\/\\\/i1.wp.com\\\/flu-or.com\\\/web\\\/wp-content\\\/uploads\\\/2017\\\/03\\\/525743_423043221147125_1050716653_n.jpg?fit=960%2C960&ssl=1\",\"width\":960,\"height\":960,\"caption\":\"FLU-OR\"},\"image\":{\"@id\":\"https:\\\/\\\/flu-or.com\\\/web\\\/#\\\/schema\\\/logo\\\/image\\\/\"},\"sameAs\":[\"https:\\\/\\\/www.facebook.com\\\/xeracionfluor\\\/\",\"https:\\\/\\\/x.com\\\/flu_or\",\"https:\\\/\\\/www.instagram.com\\\/flu__or\\\/\",\"https:\\\/\\\/www.linkedin.com\\\/company-beta\\\/3530617\\\/\"]}]}<\/script>\n<!-- \/ Yoast SEO plugin. -->","yoast_head_json":{"title":"Gaia - FLU-OR Arquitectura","robots":{"index":"index","follow":"follow","max-snippet":"max-snippet:-1","max-image-preview":"max-image-preview:large","max-video-preview":"max-video-preview:-1"},"canonical":"http:\/\/flu-or.com\/web\/gaia\/","og_locale":"es_ES","og_type":"article","og_title":"Gaia - FLU-OR Arquitectura","og_description":"Gaia es un perchero coronado por un estante.   Se basa en dos l\u00edneas de acero que se tocan y soportan una l\u00e1mina de madera. Se fija a la pared en dos puntos y se apoya en el suelo con una pata vertical, que se retranquea con una curva delicada y libera espacio a sus pies.   La pieza superior, en madera de roble, var\u00eda su dimensi\u00f3n horizontal seg\u00fan la pared que se desee ocupar. Se remata con curvas en sus esquinas y permite la firmeza de todo el conjunto, sirviendo de uni\u00f3n a las piezas de acero estructural.","og_url":"http:\/\/flu-or.com\/web\/gaia\/","og_site_name":"FLU-OR Arquitectura","article_publisher":"https:\/\/www.facebook.com\/xeracionfluor\/","article_modified_time":"2017-02-27T11:51:06+00:00","og_image":[{"width":1200,"height":799,"url":"https:\/\/i0.wp.com\/flu-or.com\/web\/wp-content\/uploads\/2017\/01\/gaiaF.jpg?fit=1200%2C799","type":"image\/jpeg"}],"twitter_card":"summary_large_image","twitter_site":"@flu_or","schema":{"@context":"https:\/\/schema.org","@graph":[{"@type":"WebPage","@id":"http:\/\/flu-or.com\/web\/gaia\/","url":"http:\/\/flu-or.com\/web\/gaia\/","name":"Gaia - FLU-OR Arquitectura","isPartOf":{"@id":"https:\/\/flu-or.com\/web\/#website"},"primaryImageOfPage":{"@id":"http:\/\/flu-or.com\/web\/gaia\/#primaryimage"},"image":{"@id":"http:\/\/flu-or.com\/web\/gaia\/#primaryimage"},"thumbnailUrl":"https:\/\/i0.wp.com\/flu-or.com\/web\/wp-content\/uploads\/2017\/01\/gaiaF.jpg?fit=1200%2C799","datePublished":"2017-01-12T11:21:20+00:00","dateModified":"2017-02-27T11:51:06+00:00","breadcrumb":{"@id":"http:\/\/flu-or.com\/web\/gaia\/#breadcrumb"},"inLanguage":"es","potentialAction":[{"@type":"ReadAction","target":["http:\/\/flu-or.com\/web\/gaia\/"]}]},{"@type":"ImageObject","inLanguage":"es","@id":"http:\/\/flu-or.com\/web\/gaia\/#primaryimage","url":"https:\/\/i0.wp.com\/flu-or.com\/web\/wp-content\/uploads\/2017\/01\/gaiaF.jpg?fit=1200%2C799","contentUrl":"https:\/\/i0.wp.com\/flu-or.com\/web\/wp-content\/uploads\/2017\/01\/gaiaF.jpg?fit=1200%2C799","width":1200,"height":799},{"@type":"BreadcrumbList","@id":"http:\/\/flu-or.com\/web\/gaia\/#breadcrumb","itemListElement":[{"@type":"ListItem","position":1,"name":"Portada","item":"https:\/\/flu-or.com\/web\/"},{"@type":"ListItem","position":2,"name":"Gaia"}]},{"@type":"WebSite","@id":"https:\/\/flu-or.com\/web\/#website","url":"https:\/\/flu-or.com\/web\/","name":"FLU-OR Arquitectura","description":"","publisher":{"@id":"https:\/\/flu-or.com\/web\/#organization"},"potentialAction":[{"@type":"SearchAction","target":{"@type":"EntryPoint","urlTemplate":"https:\/\/flu-or.com\/web\/?s={search_term_string}"},"query-input":{"@type":"PropertyValueSpecification","valueRequired":true,"valueName":"search_term_string"}}],"inLanguage":"es"},{"@type":"Organization","@id":"https:\/\/flu-or.com\/web\/#organization","name":"FLU-OR","url":"https:\/\/flu-or.com\/web\/","logo":{"@type":"ImageObject","inLanguage":"es","@id":"https:\/\/flu-or.com\/web\/#\/schema\/logo\/image\/","url":"https:\/\/i1.wp.com\/flu-or.com\/web\/wp-content\/uploads\/2017\/03\/525743_423043221147125_1050716653_n.jpg?fit=960%2C960&ssl=1","contentUrl":"https:\/\/i1.wp.com\/flu-or.com\/web\/wp-content\/uploads\/2017\/03\/525743_423043221147125_1050716653_n.jpg?fit=960%2C960&ssl=1","width":960,"height":960,"caption":"FLU-OR"},"image":{"@id":"https:\/\/flu-or.com\/web\/#\/schema\/logo\/image\/"},"sameAs":["https:\/\/www.facebook.com\/xeracionfluor\/","https:\/\/x.com\/flu_or","https:\/\/www.instagram.com\/flu__or\/","https:\/\/www.linkedin.com\/company-beta\/3530617\/"]}]}},"jetpack_sharing_enabled":true,"_links":{"self":[{"href":"http:\/\/flu-or.com\/web\/wp-json\/wp\/v2\/pages\/59","targetHints":{"allow":["GET"]}}],"collection":[{"href":"http:\/\/flu-or.com\/web\/wp-json\/wp\/v2\/pages"}],"about":[{"href":"http:\/\/flu-or.com\/web\/wp-json\/wp\/v2\/types\/page"}],"author":[{"embeddable":true,"href":"http:\/\/flu-or.com\/web\/wp-json\/wp\/v2\/users\/1"}],"replies":[{"embeddable":true,"href":"http:\/\/flu-or.com\/web\/wp-json\/wp\/v2\/comments?post=59"}],"version-history":[{"count":1,"href":"http:\/\/flu-or.com\/web\/wp-json\/wp\/v2\/pages\/59\/revisions"}],"predecessor-version":[{"id":677,"href":"http:\/\/flu-or.com\/web\/wp-json\/wp\/v2\/pages\/59\/revisions\/677"}],"wp:featuredmedia":[{"embeddable":true,"href":"http:\/\/flu-or.com\/web\/wp-json\/wp\/v2\/media\/670"}],"wp:attachment":[{"href":"http:\/\/flu-or.com\/web\/wp-json\/wp\/v2\/media?parent=59"}],"curies":[{"name":"wp","href":"https:\/\/api.w.org\/{rel}","templated":true}]}}