{"id":65,"date":"2017-01-12T11:34:12","date_gmt":"2017-01-12T11:34:12","guid":{"rendered":"http:\/\/flu-or.com\/web\/?page_id=65"},"modified":"2017-02-27T12:04:18","modified_gmt":"2017-02-27T12:04:18","slug":"lea","status":"publish","type":"page","link":"http:\/\/flu-or.com\/web\/lea\/","title":{"rendered":"Lea"},"content":{"rendered":"<p class=\"jetpack-slideshow-noscript robots-nocontent\">El pase de diapositivas requiere JavaScript.<\/p><div id=\"gallery-65-1-slideshow\" class=\"jetpack-slideshow-window jetpack-slideshow jetpack-slideshow-black\" data-trans=\"fade\" data-autostart=\"1\" data-gallery=\"[{&quot;src&quot;:&quot;https:\\\/\\\/i0.wp.com\\\/flu-or.com\\\/web\\\/wp-content\\\/uploads\\\/2017\\\/01\\\/lea_01.jpg?fit=1800%2C1200&quot;,&quot;id&quot;:&quot;698&quot;,&quot;title&quot;:&quot;lea_01&quot;,&quot;alt&quot;:&quot;&quot;,&quot;caption&quot;:&quot;&quot;,&quot;itemprop&quot;:&quot;image&quot;},{&quot;src&quot;:&quot;https:\\\/\\\/i0.wp.com\\\/flu-or.com\\\/web\\\/wp-content\\\/uploads\\\/2017\\\/01\\\/lea_02.jpg?fit=1800%2C1200&quot;,&quot;id&quot;:&quot;699&quot;,&quot;title&quot;:&quot;lea_02&quot;,&quot;alt&quot;:&quot;&quot;,&quot;caption&quot;:&quot;&quot;,&quot;itemprop&quot;:&quot;image&quot;},{&quot;src&quot;:&quot;https:\\\/\\\/i0.wp.com\\\/flu-or.com\\\/web\\\/wp-content\\\/uploads\\\/2017\\\/01\\\/lea_03.jpg?fit=1800%2C1200&quot;,&quot;id&quot;:&quot;700&quot;,&quot;title&quot;:&quot;lea_03&quot;,&quot;alt&quot;:&quot;&quot;,&quot;caption&quot;:&quot;&quot;,&quot;itemprop&quot;:&quot;image&quot;}]\" itemscope itemtype=\"https:\/\/schema.org\/ImageGallery\"><\/div>\n","protected":false},"excerpt":{"rendered":"<p>Lea es una l\u00e1mpara para el sal\u00f3n. <\/p>\n<p>Se basa en una estructura met\u00e1lica simple que forma una mesa y un m\u00e1stil, sobre el que se coloca una tulipa de tela, que envuelve el asiento, convirti\u00e9ndose en un punto de lectura ideal. <\/p>\n<p>La estructura se presenta en acero estructural visto, con acabado barnizado mate. El tejido de la tela es algod\u00f3n y lino y tiene varillas de pvc que garantizan la forma: se pueden retirar para lavar o sustituir la tela.<\/p>\n","protected":false},"author":1,"featured_media":698,"parent":0,"menu_order":0,"comment_status":"closed","ping_status":"closed","template":"","meta":{"footnotes":""},"class_list":["post-65","page","type-page","status-publish","has-post-thumbnail","hentry"],"yoast_head":"<!-- This site is optimized with the Yoast SEO plugin v27.5 - https:\/\/yoast.com\/product\/yoast-seo-wordpress\/ -->\n<title>Lea - FLU-OR Arquitectura<\/title>\n<meta name=\"robots\" content=\"index, follow, max-snippet:-1, max-image-preview:large, max-video-preview:-1\" \/>\n<link rel=\"canonical\" href=\"http:\/\/flu-or.com\/web\/lea\/\" \/>\n<meta property=\"og:locale\" content=\"es_ES\" \/>\n<meta property=\"og:type\" content=\"article\" \/>\n<meta property=\"og:title\" content=\"Lea - FLU-OR Arquitectura\" \/>\n<meta property=\"og:description\" content=\"Lea es una l\u00e1mpara para el sal\u00f3n.   Se basa en una estructura met\u00e1lica simple que forma una mesa y un m\u00e1stil, sobre el que se coloca una tulipa de tela, que envuelve el asiento, convirti\u00e9ndose en un punto de lectura ideal.   La estructura se presenta en acero estructural visto, con acabado barnizado mate. El tejido de la tela es algod\u00f3n y lino y tiene varillas de pvc que garantizan la forma: se pueden retirar para lavar o sustituir la tela.\" \/>\n<meta property=\"og:url\" content=\"http:\/\/flu-or.com\/web\/lea\/\" \/>\n<meta property=\"og:site_name\" content=\"FLU-OR Arquitectura\" \/>\n<meta property=\"article:publisher\" content=\"https:\/\/www.facebook.com\/xeracionfluor\/\" \/>\n<meta property=\"article:modified_time\" content=\"2017-02-27T12:04:18+00:00\" \/>\n<meta property=\"og:image\" content=\"https:\/\/i0.wp.com\/flu-or.com\/web\/wp-content\/uploads\/2017\/01\/lea_01.jpg?fit=1800%2C1200\" \/>\n\t<meta property=\"og:image:width\" content=\"1800\" \/>\n\t<meta property=\"og:image:height\" content=\"1200\" \/>\n\t<meta property=\"og:image:type\" content=\"image\/jpeg\" \/>\n<meta name=\"twitter:card\" content=\"summary_large_image\" \/>\n<meta name=\"twitter:site\" content=\"@flu_or\" \/>\n<script type=\"application\/ld+json\" class=\"yoast-schema-graph\">{\"@context\":\"https:\\\/\\\/schema.org\",\"@graph\":[{\"@type\":\"WebPage\",\"@id\":\"http:\\\/\\\/flu-or.com\\\/web\\\/lea\\\/\",\"url\":\"http:\\\/\\\/flu-or.com\\\/web\\\/lea\\\/\",\"name\":\"Lea - FLU-OR Arquitectura\",\"isPartOf\":{\"@id\":\"http:\\\/\\\/flu-or.com\\\/web\\\/#website\"},\"primaryImageOfPage\":{\"@id\":\"http:\\\/\\\/flu-or.com\\\/web\\\/lea\\\/#primaryimage\"},\"image\":{\"@id\":\"http:\\\/\\\/flu-or.com\\\/web\\\/lea\\\/#primaryimage\"},\"thumbnailUrl\":\"https:\\\/\\\/i0.wp.com\\\/flu-or.com\\\/web\\\/wp-content\\\/uploads\\\/2017\\\/01\\\/lea_01.jpg?fit=1800%2C1200\",\"datePublished\":\"2017-01-12T11:34:12+00:00\",\"dateModified\":\"2017-02-27T12:04:18+00:00\",\"breadcrumb\":{\"@id\":\"http:\\\/\\\/flu-or.com\\\/web\\\/lea\\\/#breadcrumb\"},\"inLanguage\":\"es\",\"potentialAction\":[{\"@type\":\"ReadAction\",\"target\":[\"http:\\\/\\\/flu-or.com\\\/web\\\/lea\\\/\"]}]},{\"@type\":\"ImageObject\",\"inLanguage\":\"es\",\"@id\":\"http:\\\/\\\/flu-or.com\\\/web\\\/lea\\\/#primaryimage\",\"url\":\"https:\\\/\\\/i0.wp.com\\\/flu-or.com\\\/web\\\/wp-content\\\/uploads\\\/2017\\\/01\\\/lea_01.jpg?fit=1800%2C1200\",\"contentUrl\":\"https:\\\/\\\/i0.wp.com\\\/flu-or.com\\\/web\\\/wp-content\\\/uploads\\\/2017\\\/01\\\/lea_01.jpg?fit=1800%2C1200\",\"width\":1800,\"height\":1200},{\"@type\":\"BreadcrumbList\",\"@id\":\"http:\\\/\\\/flu-or.com\\\/web\\\/lea\\\/#breadcrumb\",\"itemListElement\":[{\"@type\":\"ListItem\",\"position\":1,\"name\":\"Portada\",\"item\":\"http:\\\/\\\/flu-or.com\\\/web\\\/\"},{\"@type\":\"ListItem\",\"position\":2,\"name\":\"Lea\"}]},{\"@type\":\"WebSite\",\"@id\":\"http:\\\/\\\/flu-or.com\\\/web\\\/#website\",\"url\":\"http:\\\/\\\/flu-or.com\\\/web\\\/\",\"name\":\"FLU-OR Arquitectura\",\"description\":\"\",\"publisher\":{\"@id\":\"http:\\\/\\\/flu-or.com\\\/web\\\/#organization\"},\"potentialAction\":[{\"@type\":\"SearchAction\",\"target\":{\"@type\":\"EntryPoint\",\"urlTemplate\":\"http:\\\/\\\/flu-or.com\\\/web\\\/?s={search_term_string}\"},\"query-input\":{\"@type\":\"PropertyValueSpecification\",\"valueRequired\":true,\"valueName\":\"search_term_string\"}}],\"inLanguage\":\"es\"},{\"@type\":\"Organization\",\"@id\":\"http:\\\/\\\/flu-or.com\\\/web\\\/#organization\",\"name\":\"FLU-OR\",\"url\":\"http:\\\/\\\/flu-or.com\\\/web\\\/\",\"logo\":{\"@type\":\"ImageObject\",\"inLanguage\":\"es\",\"@id\":\"http:\\\/\\\/flu-or.com\\\/web\\\/#\\\/schema\\\/logo\\\/image\\\/\",\"url\":\"https:\\\/\\\/i1.wp.com\\\/flu-or.com\\\/web\\\/wp-content\\\/uploads\\\/2017\\\/03\\\/525743_423043221147125_1050716653_n.jpg?fit=960%2C960&ssl=1\",\"contentUrl\":\"https:\\\/\\\/i1.wp.com\\\/flu-or.com\\\/web\\\/wp-content\\\/uploads\\\/2017\\\/03\\\/525743_423043221147125_1050716653_n.jpg?fit=960%2C960&ssl=1\",\"width\":960,\"height\":960,\"caption\":\"FLU-OR\"},\"image\":{\"@id\":\"http:\\\/\\\/flu-or.com\\\/web\\\/#\\\/schema\\\/logo\\\/image\\\/\"},\"sameAs\":[\"https:\\\/\\\/www.facebook.com\\\/xeracionfluor\\\/\",\"https:\\\/\\\/x.com\\\/flu_or\",\"https:\\\/\\\/www.instagram.com\\\/flu__or\\\/\",\"https:\\\/\\\/www.linkedin.com\\\/company-beta\\\/3530617\\\/\"]}]}<\/script>\n<!-- \/ Yoast SEO plugin. -->","yoast_head_json":{"title":"Lea - FLU-OR Arquitectura","robots":{"index":"index","follow":"follow","max-snippet":"max-snippet:-1","max-image-preview":"max-image-preview:large","max-video-preview":"max-video-preview:-1"},"canonical":"http:\/\/flu-or.com\/web\/lea\/","og_locale":"es_ES","og_type":"article","og_title":"Lea - FLU-OR Arquitectura","og_description":"Lea es una l\u00e1mpara para el sal\u00f3n.   Se basa en una estructura met\u00e1lica simple que forma una mesa y un m\u00e1stil, sobre el que se coloca una tulipa de tela, que envuelve el asiento, convirti\u00e9ndose en un punto de lectura ideal.   La estructura se presenta en acero estructural visto, con acabado barnizado mate. El tejido de la tela es algod\u00f3n y lino y tiene varillas de pvc que garantizan la forma: se pueden retirar para lavar o sustituir la tela.","og_url":"http:\/\/flu-or.com\/web\/lea\/","og_site_name":"FLU-OR Arquitectura","article_publisher":"https:\/\/www.facebook.com\/xeracionfluor\/","article_modified_time":"2017-02-27T12:04:18+00:00","og_image":[{"width":1800,"height":1200,"url":"https:\/\/i0.wp.com\/flu-or.com\/web\/wp-content\/uploads\/2017\/01\/lea_01.jpg?fit=1800%2C1200","type":"image\/jpeg"}],"twitter_card":"summary_large_image","twitter_site":"@flu_or","schema":{"@context":"https:\/\/schema.org","@graph":[{"@type":"WebPage","@id":"http:\/\/flu-or.com\/web\/lea\/","url":"http:\/\/flu-or.com\/web\/lea\/","name":"Lea - FLU-OR Arquitectura","isPartOf":{"@id":"http:\/\/flu-or.com\/web\/#website"},"primaryImageOfPage":{"@id":"http:\/\/flu-or.com\/web\/lea\/#primaryimage"},"image":{"@id":"http:\/\/flu-or.com\/web\/lea\/#primaryimage"},"thumbnailUrl":"https:\/\/i0.wp.com\/flu-or.com\/web\/wp-content\/uploads\/2017\/01\/lea_01.jpg?fit=1800%2C1200","datePublished":"2017-01-12T11:34:12+00:00","dateModified":"2017-02-27T12:04:18+00:00","breadcrumb":{"@id":"http:\/\/flu-or.com\/web\/lea\/#breadcrumb"},"inLanguage":"es","potentialAction":[{"@type":"ReadAction","target":["http:\/\/flu-or.com\/web\/lea\/"]}]},{"@type":"ImageObject","inLanguage":"es","@id":"http:\/\/flu-or.com\/web\/lea\/#primaryimage","url":"https:\/\/i0.wp.com\/flu-or.com\/web\/wp-content\/uploads\/2017\/01\/lea_01.jpg?fit=1800%2C1200","contentUrl":"https:\/\/i0.wp.com\/flu-or.com\/web\/wp-content\/uploads\/2017\/01\/lea_01.jpg?fit=1800%2C1200","width":1800,"height":1200},{"@type":"BreadcrumbList","@id":"http:\/\/flu-or.com\/web\/lea\/#breadcrumb","itemListElement":[{"@type":"ListItem","position":1,"name":"Portada","item":"http:\/\/flu-or.com\/web\/"},{"@type":"ListItem","position":2,"name":"Lea"}]},{"@type":"WebSite","@id":"http:\/\/flu-or.com\/web\/#website","url":"http:\/\/flu-or.com\/web\/","name":"FLU-OR Arquitectura","description":"","publisher":{"@id":"http:\/\/flu-or.com\/web\/#organization"},"potentialAction":[{"@type":"SearchAction","target":{"@type":"EntryPoint","urlTemplate":"http:\/\/flu-or.com\/web\/?s={search_term_string}"},"query-input":{"@type":"PropertyValueSpecification","valueRequired":true,"valueName":"search_term_string"}}],"inLanguage":"es"},{"@type":"Organization","@id":"http:\/\/flu-or.com\/web\/#organization","name":"FLU-OR","url":"http:\/\/flu-or.com\/web\/","logo":{"@type":"ImageObject","inLanguage":"es","@id":"http:\/\/flu-or.com\/web\/#\/schema\/logo\/image\/","url":"https:\/\/i1.wp.com\/flu-or.com\/web\/wp-content\/uploads\/2017\/03\/525743_423043221147125_1050716653_n.jpg?fit=960%2C960&ssl=1","contentUrl":"https:\/\/i1.wp.com\/flu-or.com\/web\/wp-content\/uploads\/2017\/03\/525743_423043221147125_1050716653_n.jpg?fit=960%2C960&ssl=1","width":960,"height":960,"caption":"FLU-OR"},"image":{"@id":"http:\/\/flu-or.com\/web\/#\/schema\/logo\/image\/"},"sameAs":["https:\/\/www.facebook.com\/xeracionfluor\/","https:\/\/x.com\/flu_or","https:\/\/www.instagram.com\/flu__or\/","https:\/\/www.linkedin.com\/company-beta\/3530617\/"]}]}},"jetpack_sharing_enabled":true,"_links":{"self":[{"href":"http:\/\/flu-or.com\/web\/wp-json\/wp\/v2\/pages\/65","targetHints":{"allow":["GET"]}}],"collection":[{"href":"http:\/\/flu-or.com\/web\/wp-json\/wp\/v2\/pages"}],"about":[{"href":"http:\/\/flu-or.com\/web\/wp-json\/wp\/v2\/types\/page"}],"author":[{"embeddable":true,"href":"http:\/\/flu-or.com\/web\/wp-json\/wp\/v2\/users\/1"}],"replies":[{"embeddable":true,"href":"http:\/\/flu-or.com\/web\/wp-json\/wp\/v2\/comments?post=65"}],"version-history":[{"count":1,"href":"http:\/\/flu-or.com\/web\/wp-json\/wp\/v2\/pages\/65\/revisions"}],"predecessor-version":[{"id":701,"href":"http:\/\/flu-or.com\/web\/wp-json\/wp\/v2\/pages\/65\/revisions\/701"}],"wp:featuredmedia":[{"embeddable":true,"href":"http:\/\/flu-or.com\/web\/wp-json\/wp\/v2\/media\/698"}],"wp:attachment":[{"href":"http:\/\/flu-or.com\/web\/wp-json\/wp\/v2\/media?parent=65"}],"curies":[{"name":"wp","href":"https:\/\/api.w.org\/{rel}","templated":true}]}}